{"id":80,"date":"2023-10-19T11:41:37","date_gmt":"2023-10-19T11:41:37","guid":{"rendered":"https:\/\/www.airporttransfersrio.com\/es\/?page_id=80"},"modified":"2023-10-19T11:41:56","modified_gmt":"2023-10-19T11:41:56","slug":"terminos-y-condiciones","status":"publish","type":"page","link":"https:\/\/www.airporttransfersrio.com\/es\/terminos-y-condiciones.htm","title":{"rendered":"T\u00e9rminos y Condiciones &#8211; Traslados Rio de Janeiro"},"content":{"rendered":"\n<ol class=\"wp-block-list\">\n<li><strong>AirportTransfersRio.com \/ ISOUTHAMERICA<\/strong><\/li>\n<\/ol>\n\n\n\n<p>AirportTransfersRio.com es un portal de internet administrado por ISOUTHAMERICA. ISOUTHAMERICA es una empresa dedicada exclusivamente a la comercializacion de servicios de traslados y tours operados por terceras empresas. ISOUTHAMERICA no cuenta con vehiculos propios, choferes o gu\u00edas contratados en forma directa. La totalidad de los servicios ofrecidos en este sitio web son operados por terceras empresas. Al momento de su reserva el cliente recibira informaci\u00f3n detallada de la correspondiente empresa operadora del servicio contratado.<\/p>\n\n\n\n<ol class=\"wp-block-list\" start=\"2\">\n<li><strong>Reserva<\/strong><\/li>\n<\/ol>\n\n\n\n<p>Una reserva puede ser aceptada y convertida a definitiva, solo una vez que ISOUTHAMERICA recibe de parte del Cliente el 100% del pago. La persona que realiza el pago con intenci\u00f3n de efectuar una reserva, garantiza que \u00e9l\/ella tiene la completa autorizaci\u00f3n en representaci\u00f3n de todas las personas que viajan en su grupo para confirmar los servicios contratados, y que todas las personas aceptan los t\u00e9rminos y condiciones correspondientes. En caso que por algun motivo ISOUTHAMERICA no este en condiciones de proveer el servicio solcitado por el cliente, se proceder\u00e1 a un reintegro del pago y la cancelaci\u00f3n de la solicitud de reserva. Los pagos deben ser realizados con tarjeta de cr\u00e9dito o transferencia a la cuenta de PayPal de ISOUTHAMERICA.<\/p>\n\n\n\n<ol class=\"wp-block-list\" start=\"3\">\n<li><strong>Cambios y Cancelaciones por el Cliente<\/strong><\/li>\n<\/ol>\n\n\n\n<p>Todos los cambios realizados a la reserva original deber\u00e1n ser solicitados por escrito via email por la persona que realiz\u00f3 la contrataci\u00f3n original de los servicios. Todos los costos y cargos que pudieran surgir de los cambios y\/o cancelaciones solicitadas, deber\u00e1n ser solventados por el cliente. A pesar que ISOUTHAMERICA se compromete a realizar los mejores esfuerzos para acomodar los cambios solicitados, la disponibilidad de los mismos no puede ser garantizada. El Cliente puede cancelar su reserva en cualquier momento, comunicando de forma escrita la solicitud de la misma. Los cargos por cancelaci\u00f3n ser\u00e1n calculados desde la fecha de recepci\u00f3n de la solicitud cancelaci\u00f3n y aplicados acorde a la tabla detallada abajo.<\/p>\n\n\n\n<p><strong>Pol\u00edtica de reintegros por cancelaciones totales o parciales:<\/strong><\/p>\n\n\n\n<ul class=\"wp-block-list\">\n<li>Cancelaciones 30 o m\u00e1s d\u00edas antes de la fecha programada del servicio: Reintegro del 90%<\/li>\n\n\n\n<li>Cancelaciones 29-15 d\u00edas antes de la fecha programada del servicio: Reintegro del 50 %<\/li>\n\n\n\n<li>Cancelaciones 14-9 d\u00edas antes de la fecha programada del servicio: Reintegro del 25%<\/li>\n\n\n\n<li>Cancelaciones 8 d\u00edas antes de la fecha programada del servicio: Reintegro del 0%<\/li>\n\n\n\n<li>No show sera considerado como una cancelaci\u00f3n hecha por el cliente con Reintegro del 0%<\/li>\n<\/ul>\n\n\n\n<ul class=\"wp-block-list\">\n<li>Los reintegros pueden estar sujetos a costos bancarios, de diferencias en tipo de cambio, procesamiento de tarjetas y otros aspectos no administradas por ISOUTHAMERICA.<\/li>\n<\/ul>\n\n\n\n<ol class=\"wp-block-list\">\n<li><strong>Cambios y Cancelaciones por ISOUTHAMERICA<\/strong><\/li>\n<\/ol>\n\n\n\n<p>A pesar que ISOUTHAMERICA realizar\u00e1 sus m\u00e1ximos esfuerzos por operar todos los servicios acorde a lo descrito, al aceptar los presentes T\u00e9rminos y Condiciones, el cliente acepta que es posible que vaya a ser necesaria la adaptaci\u00f3n del itinerario o sus contenidos debido a factores clim\u00e1ticos u otras variables ajenas a la empresa. ISOUTHAMERICA se reserva el derecho de cancelar o cambiar en cualquier momento, cualquiera de los servicios y sustituirlos por otros servicios de condiciones y valores similares, sin ning\u00fan tipo de compensaci\u00f3n al cliente, quien acepta no verse perjudicado como resultado de estos cambios. Si hubiera un cambio significante en alguno de los servicios, el Cliente ser\u00e1 informado a la hora de reservar los servicios, para que de su conformidad al mismo. Si este cambio significante se produjera luego de contratado el servicio, se le dar\u00e1 la posibilidad al cliente de elegir si desea mantenerlo, optar por alg\u00fan otro servicio o recibir un reembolso total, siempre y cuando este cambio no sea originado por un cambio de fuerza mayor que exceda a la responsabilidad y control por parte de ISOUTHAMERICA (tales como guerras, desastres naturales, factores clim\u00e1ticos adversos, revueltas sociales, problemas t\u00e9cnicos cambios o cancelaciones de vuelos por las aerol\u00edneas). En estos casos de cambios por fuerza mayor, donde ISOUTHAMERICA no tiene ning\u00fan tipo de control sobre los horarios y d\u00edas de partida, ISOUTHAMERICA no es susceptible de ning\u00fan tipo de cargo o sanci\u00f3n por parte del cliente.<\/p>\n\n\n\n<ol class=\"wp-block-list\" start=\"5\">\n<li><strong>Pasaporte, Visa y Vacunas<\/strong><\/li>\n<\/ol>\n\n\n\n<p>Es responsabilidad del Cliente poseer un pasaporte v\u00e1lido, visas correspondientes, vacunas y cualquier otro tipo de medicina preventiva requeridos para los servicios contratados.<\/p>\n\n\n\n<ol class=\"wp-block-list\" start=\"6\">\n<li><strong>Enfermedades o Discapacidades.<\/strong><\/li>\n<\/ol>\n\n\n\n<p>Cualquiera que sufra de una enfermedad o discapacidad, o est\u00e9 bajo alg\u00fan tratamiento m\u00e9dico, deber\u00e1 declarar la verdadera naturaleza de tal condici\u00f3n a la hora de realizar la reserva, y hacer los arreglos adecuados para la provisi\u00f3n del medicamento necesario o tratamiento, durante el servicio contratado. Tal falencia, constituir\u00e1 una falta a los presentes T\u00e9rminos y Condiciones y resultar\u00e1 en la exclusi\u00f3n de tal persona del servicio correspondiente, no siendo sujeto a ning\u00fan tipo de reembolso.<\/p>\n\n\n\n<ol class=\"wp-block-list\" start=\"7\">\n<li><strong>Seguro de Viaje<\/strong><\/li>\n<\/ol>\n\n\n\n<p>ISOUTHAMERICA no incluye ning\u00fan tipo de seguro de viaje en sus publicados.<\/p>\n\n\n\n<ol class=\"wp-block-list\" start=\"8\">\n<li><strong>Reclamos<\/strong><\/li>\n<\/ol>\n\n\n\n<p>Si el cliente tuviera reclamos sobre alguno de los servicios prestados, deber\u00e1 informarlo lo antes posible via correo electronico de forma tal que ISOUTHAMERICA pueda actuar con sus mejores esfuerzos para solucionar el mismo de forma inmediata. Solamente mediante la notificaci\u00f3n a ISOUTHAMERICA de tales problemas, es que se podr\u00e1n tomar las acciones correctivas a tiempo. La falta de este reclamo en el momento de la prestaci\u00f3n del servicio o en los 30 d\u00edas posteriores a la prestaci\u00f3n del mismo, resultar\u00e1 en la imposibilidad de alg\u00fan tipo de compensaci\u00f3n por parte de ISOUTHAMERICA, o al menos, la misma ser\u00e1 reducida. Todos los reclamos que no se presentaran dentro de los 30 d\u00edas de la prestaci\u00f3n del servicio, no podr\u00e1n ser luego presentados.<\/p>\n\n\n\n<ol class=\"wp-block-list\" start=\"9\">\n<li><strong>Espect\u00e1culos y Otros Eventos<\/strong><\/li>\n<\/ol>\n\n\n\n<p>ISOUTHAMERICA no es responsable por ning\u00fan tipo de cancelaciones y\/o reprogramaciones, ocasionadas por cualquier motivo, tales como factores clim\u00e1ticos, problemas t\u00e9cnicos, cuestiones de seguridad, cambio de ubicaciones, modificaci\u00f3n en los horarios, decisiones personales del organizador del evento, decisiones de las autoridades locales u otro motivo de cualquier tipo ajeno a la responsabilidad de ISOUTHAMERICA. En todos aquellos casos donde la suspensi\u00f3n del evento se realizara una vez iniciada la prestaci\u00f3n del servicio, el mismo ser\u00e1 considerado como brindado en su totalidad, no dando lugar alguno, a ning\u00fan tipo de devoluci\u00f3n al cliente, salvo el ticket de ingreso al evento, que el cliente deber\u00e1 conservar para poder reutilizarlo acorde a las pol\u00edticas del organizador del evento. En caso de querer el cliente volver a contar con los servicios adicionales de traslados y gu\u00eda, los mismos deber\u00e1n volver a ser abonados al precio correspondiente. En todos aquellos casos donde la cancelaci\u00f3n\/reprogramaci\u00f3n del evento se realizara antes de iniciada la prestaci\u00f3n del mismo, y el cliente no pudiera o no deseara concurrir al evento en la nueva fecha, la pol\u00edtica de reintegros ser\u00e1 acorde a la pol\u00edtica de reintegros fijada por el organizador del evento.<\/p>\n\n\n\n<ol class=\"wp-block-list\" start=\"10\">\n<li><strong>Nuestra Responsabilidad<\/strong><\/li>\n<\/ol>\n\n\n\n<p>ISOUTHAMERICA asume su responsabilidad por asegurar que los servicios solicitados por el cliente sean provistas de la forma en que las mismas fueros descriptas en la versi\u00f3n final del programa de viaje, y que dichos servicios provistos sean brindados con un standard razonable de calidad. ISOUTHAMERICA act\u00faa solamente como un intermediando entre el cliente y los proveedores de los servicios, ejercitando todas las posibles precauciones, pero no es responsable por da\u00f1os, enfermedades, p\u00e9rdidas, cargos adicionales, demoras accidentales, o cualquier otro tipo de irregularidad causada por actos negligentes u omisiones realizadas por las compa\u00f1\u00edas o individuos proveedores de los servicios contratados, como tampoco por los da\u00f1os y perjuicios ocasionados por desastres naturales u otras causas.<\/p>\n\n\n\n<ol class=\"wp-block-list\" start=\"11\">\n<li><strong>T\u00e9rminos y Condiciones de la Web<\/strong><\/li>\n<\/ol>\n\n\n\n<p>La informaci\u00f3n aqu\u00ed contenida es obtenida de fuentes sobre las cuales se estiman son confiables y ciertas. Sin embargo, ISOUTHAMERICA no garantiza ni expresa, que la informaci\u00f3n publicada es confiable, cierta, actualizada o completa, y no es responsable por cualquier error u omisi\u00f3n. Usted expresa y est\u00e1 de acuerdo que ISOUTHAMERICA no est\u00e1 sujeto a ning\u00fan tipo de reclamo por da\u00f1os y perjuicios ocasionados de forma directa, indirecta, incidental, especial, o consecuencial, que resulten del uso o imposibilidad de uso del sitio web, o acceso no autorizado o alteraciones a sus transmisiones o datos, o cualquier otro motivo relacionado con este sitio web.<\/p>\n\n\n\n<p>Usted puede a traves de hypertext u otros links, acceder a otros terceros sitios en internet, que no est\u00e1n relacionados o mantenidos por ISOUTHAMERICA. Links a sitios de terceros no implica ning\u00fan tipo de relaci\u00f3n con los mismos, por lo que ISOUTHAMERICA. no tienen ning\u00fan tipo de responsabilidad por los contenidos de los mismos. ISOUTHAMERICA se reserva el derecho a modificar la informaci\u00f3n, servicios y\/o contenido de este sitio web en cualquier momento sin ning\u00fan tipo de notificaci\u00f3n previa.<\/p>\n","protected":false},"excerpt":{"rendered":"<p>AirportTransfersRio.com es un portal de internet administrado por ISOUTHAMERICA. ISOUTHAMERICA es una empresa dedicada exclusivamente a la comercializacion de servicios de traslados y tours operados por terceras empresas. ISOUTHAMERICA no cuenta con vehiculos propios, choferes o gu\u00edas contratados en forma directa. La totalidad de los servicios ofrecidos en este sitio web son operados por terceras &#8230; <a title=\"T\u00e9rminos y Condiciones &#8211; Traslados Rio de Janeiro\" class=\"read-more\" href=\"https:\/\/www.airporttransfersrio.com\/es\/terminos-y-condiciones.htm\" aria-label=\"Leer m\u00e1s sobre T\u00e9rminos y Condiciones &#8211; Traslados Rio de Janeiro\">Leer m\u00e1s<\/a><\/p>\n","protected":false},"author":1,"featured_media":0,"parent":0,"menu_order":0,"comment_status":"closed","ping_status":"closed","template":"","meta":{"footnotes":""},"class_list":["post-80","page","type-page","status-publish"],"yoast_head":"<!-- This site is optimized with the Yoast SEO plugin v27.4 - https:\/\/yoast.com\/product\/yoast-seo-wordpress\/ -->\n<title>Terminos y Condiciones - Traslados Rio de Janeiro<\/title>\n<meta name=\"description\" content=\"Servicio de Traslados en el Aeropuerto de Rio de Janeiro, Brasil - Terminos y Condiciones\" \/>\n<meta name=\"robots\" content=\"index, follow, max-snippet:-1, max-image-preview:large, max-video-preview:-1\" \/>\n<link rel=\"canonical\" href=\"https:\/\/www.airporttransfersrio.com\/es\/terminos-y-condiciones.htm\" \/>\n<meta property=\"og:locale\" content=\"es_ES\" \/>\n<meta property=\"og:type\" content=\"article\" \/>\n<meta property=\"og:title\" content=\"Terminos y Condiciones - Traslados Rio de Janeiro\" \/>\n<meta property=\"og:description\" content=\"Servicio de Traslados en el Aeropuerto de Rio de Janeiro, Brasil - Terminos y Condiciones\" \/>\n<meta property=\"og:url\" content=\"https:\/\/www.airporttransfersrio.com\/es\/terminos-y-condiciones.htm\" \/>\n<meta property=\"og:site_name\" content=\"Traslados Aeropuerto Rio de Janeiro\" \/>\n<meta property=\"article:modified_time\" content=\"2023-10-19T11:41:56+00:00\" \/>\n<meta name=\"twitter:card\" content=\"summary_large_image\" \/>\n<meta name=\"twitter:label1\" content=\"Tiempo de lectura\" \/>\n\t<meta name=\"twitter:data1\" content=\"7 minutos\" \/>\n<script type=\"application\/ld+json\" class=\"yoast-schema-graph\">{\"@context\":\"https:\\\/\\\/schema.org\",\"@graph\":[{\"@type\":\"WebPage\",\"@id\":\"https:\\\/\\\/www.airporttransfersrio.com\\\/es\\\/terminos-y-condiciones.htm\",\"url\":\"https:\\\/\\\/www.airporttransfersrio.com\\\/es\\\/terminos-y-condiciones.htm\",\"name\":\"Terminos y Condiciones - Traslados Rio de Janeiro\",\"isPartOf\":{\"@id\":\"https:\\\/\\\/box2202.temp.domains\\\/~buenosa2\\\/airporttransfersrio\\\/es\\\/#website\"},\"datePublished\":\"2023-10-19T11:41:37+00:00\",\"dateModified\":\"2023-10-19T11:41:56+00:00\",\"description\":\"Servicio de Traslados en el Aeropuerto de Rio de Janeiro, Brasil - Terminos y Condiciones\",\"breadcrumb\":{\"@id\":\"https:\\\/\\\/www.airporttransfersrio.com\\\/es\\\/terminos-y-condiciones.htm#breadcrumb\"},\"inLanguage\":\"es\",\"potentialAction\":[{\"@type\":\"ReadAction\",\"target\":[\"https:\\\/\\\/www.airporttransfersrio.com\\\/es\\\/terminos-y-condiciones.htm\"]}]},{\"@type\":\"BreadcrumbList\",\"@id\":\"https:\\\/\\\/www.airporttransfersrio.com\\\/es\\\/terminos-y-condiciones.htm#breadcrumb\",\"itemListElement\":[{\"@type\":\"ListItem\",\"position\":1,\"name\":\"Home\",\"item\":\"https:\\\/\\\/www.airporttransfersrio.com\\\/es\\\/\"},{\"@type\":\"ListItem\",\"position\":2,\"name\":\"T\u00e9rminos y Condiciones &#8211; Traslados Rio de Janeiro\"}]},{\"@type\":\"WebSite\",\"@id\":\"https:\\\/\\\/box2202.temp.domains\\\/~buenosa2\\\/airporttransfersrio\\\/es\\\/#website\",\"url\":\"https:\\\/\\\/box2202.temp.domains\\\/~buenosa2\\\/airporttransfersrio\\\/es\\\/\",\"name\":\"Traslados Aeropuerto Rio de Janeiro\",\"description\":\"Servicio de trasaldos en Rio de Janeiro. Servicios privados y compartidos.\",\"publisher\":{\"@id\":\"https:\\\/\\\/box2202.temp.domains\\\/~buenosa2\\\/airporttransfersrio\\\/es\\\/#organization\"},\"potentialAction\":[{\"@type\":\"SearchAction\",\"target\":{\"@type\":\"EntryPoint\",\"urlTemplate\":\"https:\\\/\\\/box2202.temp.domains\\\/~buenosa2\\\/airporttransfersrio\\\/es\\\/?s={search_term_string}\"},\"query-input\":{\"@type\":\"PropertyValueSpecification\",\"valueRequired\":true,\"valueName\":\"search_term_string\"}}],\"inLanguage\":\"es\"},{\"@type\":\"Organization\",\"@id\":\"https:\\\/\\\/box2202.temp.domains\\\/~buenosa2\\\/airporttransfersrio\\\/es\\\/#organization\",\"name\":\"Traslados Aeropuerto Rio de Janeiro\",\"url\":\"https:\\\/\\\/box2202.temp.domains\\\/~buenosa2\\\/airporttransfersrio\\\/es\\\/\",\"logo\":{\"@type\":\"ImageObject\",\"inLanguage\":\"es\",\"@id\":\"https:\\\/\\\/box2202.temp.domains\\\/~buenosa2\\\/airporttransfersrio\\\/es\\\/#\\\/schema\\\/logo\\\/image\\\/\",\"url\":\"https:\\\/\\\/www.airporttransfersrio.com\\\/es\\\/wp-content\\\/uploads\\\/2024\\\/05\\\/cropped-atr-home1.jpg\",\"contentUrl\":\"https:\\\/\\\/www.airporttransfersrio.com\\\/es\\\/wp-content\\\/uploads\\\/2024\\\/05\\\/cropped-atr-home1.jpg\",\"width\":1058,\"height\":379,\"caption\":\"Traslados Aeropuerto Rio de Janeiro\"},\"image\":{\"@id\":\"https:\\\/\\\/box2202.temp.domains\\\/~buenosa2\\\/airporttransfersrio\\\/es\\\/#\\\/schema\\\/logo\\\/image\\\/\"}}]}<\/script>\n<!-- \/ Yoast SEO plugin. -->","yoast_head_json":{"title":"Terminos y Condiciones - Traslados Rio de Janeiro","description":"Servicio de Traslados en el Aeropuerto de Rio de Janeiro, Brasil - Terminos y Condiciones","robots":{"index":"index","follow":"follow","max-snippet":"max-snippet:-1","max-image-preview":"max-image-preview:large","max-video-preview":"max-video-preview:-1"},"canonical":"https:\/\/www.airporttransfersrio.com\/es\/terminos-y-condiciones.htm","og_locale":"es_ES","og_type":"article","og_title":"Terminos y Condiciones - Traslados Rio de Janeiro","og_description":"Servicio de Traslados en el Aeropuerto de Rio de Janeiro, Brasil - Terminos y Condiciones","og_url":"https:\/\/www.airporttransfersrio.com\/es\/terminos-y-condiciones.htm","og_site_name":"Traslados Aeropuerto Rio de Janeiro","article_modified_time":"2023-10-19T11:41:56+00:00","twitter_card":"summary_large_image","twitter_misc":{"Tiempo de lectura":"7 minutos"},"schema":{"@context":"https:\/\/schema.org","@graph":[{"@type":"WebPage","@id":"https:\/\/www.airporttransfersrio.com\/es\/terminos-y-condiciones.htm","url":"https:\/\/www.airporttransfersrio.com\/es\/terminos-y-condiciones.htm","name":"Terminos y Condiciones - Traslados Rio de Janeiro","isPartOf":{"@id":"https:\/\/box2202.temp.domains\/~buenosa2\/airporttransfersrio\/es\/#website"},"datePublished":"2023-10-19T11:41:37+00:00","dateModified":"2023-10-19T11:41:56+00:00","description":"Servicio de Traslados en el Aeropuerto de Rio de Janeiro, Brasil - Terminos y Condiciones","breadcrumb":{"@id":"https:\/\/www.airporttransfersrio.com\/es\/terminos-y-condiciones.htm#breadcrumb"},"inLanguage":"es","potentialAction":[{"@type":"ReadAction","target":["https:\/\/www.airporttransfersrio.com\/es\/terminos-y-condiciones.htm"]}]},{"@type":"BreadcrumbList","@id":"https:\/\/www.airporttransfersrio.com\/es\/terminos-y-condiciones.htm#breadcrumb","itemListElement":[{"@type":"ListItem","position":1,"name":"Home","item":"https:\/\/www.airporttransfersrio.com\/es\/"},{"@type":"ListItem","position":2,"name":"T\u00e9rminos y Condiciones &#8211; Traslados Rio de Janeiro"}]},{"@type":"WebSite","@id":"https:\/\/box2202.temp.domains\/~buenosa2\/airporttransfersrio\/es\/#website","url":"https:\/\/box2202.temp.domains\/~buenosa2\/airporttransfersrio\/es\/","name":"Traslados Aeropuerto Rio de Janeiro","description":"Servicio de trasaldos en Rio de Janeiro. Servicios privados y compartidos.","publisher":{"@id":"https:\/\/box2202.temp.domains\/~buenosa2\/airporttransfersrio\/es\/#organization"},"potentialAction":[{"@type":"SearchAction","target":{"@type":"EntryPoint","urlTemplate":"https:\/\/box2202.temp.domains\/~buenosa2\/airporttransfersrio\/es\/?s={search_term_string}"},"query-input":{"@type":"PropertyValueSpecification","valueRequired":true,"valueName":"search_term_string"}}],"inLanguage":"es"},{"@type":"Organization","@id":"https:\/\/box2202.temp.domains\/~buenosa2\/airporttransfersrio\/es\/#organization","name":"Traslados Aeropuerto Rio de Janeiro","url":"https:\/\/box2202.temp.domains\/~buenosa2\/airporttransfersrio\/es\/","logo":{"@type":"ImageObject","inLanguage":"es","@id":"https:\/\/box2202.temp.domains\/~buenosa2\/airporttransfersrio\/es\/#\/schema\/logo\/image\/","url":"https:\/\/www.airporttransfersrio.com\/es\/wp-content\/uploads\/2024\/05\/cropped-atr-home1.jpg","contentUrl":"https:\/\/www.airporttransfersrio.com\/es\/wp-content\/uploads\/2024\/05\/cropped-atr-home1.jpg","width":1058,"height":379,"caption":"Traslados Aeropuerto Rio de Janeiro"},"image":{"@id":"https:\/\/box2202.temp.domains\/~buenosa2\/airporttransfersrio\/es\/#\/schema\/logo\/image\/"}}]}},"_links":{"self":[{"href":"https:\/\/www.airporttransfersrio.com\/es\/wp-json\/wp\/v2\/pages\/80","targetHints":{"allow":["GET"]}}],"collection":[{"href":"https:\/\/www.airporttransfersrio.com\/es\/wp-json\/wp\/v2\/pages"}],"about":[{"href":"https:\/\/www.airporttransfersrio.com\/es\/wp-json\/wp\/v2\/types\/page"}],"author":[{"embeddable":true,"href":"https:\/\/www.airporttransfersrio.com\/es\/wp-json\/wp\/v2\/users\/1"}],"replies":[{"embeddable":true,"href":"https:\/\/www.airporttransfersrio.com\/es\/wp-json\/wp\/v2\/comments?post=80"}],"version-history":[{"count":1,"href":"https:\/\/www.airporttransfersrio.com\/es\/wp-json\/wp\/v2\/pages\/80\/revisions"}],"predecessor-version":[{"id":81,"href":"https:\/\/www.airporttransfersrio.com\/es\/wp-json\/wp\/v2\/pages\/80\/revisions\/81"}],"wp:attachment":[{"href":"https:\/\/www.airporttransfersrio.com\/es\/wp-json\/wp\/v2\/media?parent=80"}],"curies":[{"name":"wp","href":"https:\/\/api.w.org\/{rel}","templated":true}]}}