{"id":78,"date":"2023-10-19T11:25:58","date_gmt":"2023-10-19T11:25:58","guid":{"rendered":"https:\/\/www.airporttransfersrio.com\/es\/?page_id=78"},"modified":"2024-08-06T23:00:01","modified_gmt":"2024-08-06T09:00:01","slug":"precios-costos-tarifas","status":"publish","type":"page","link":"https:\/\/www.airporttransfersrio.com\/es\/precios-costos-tarifas.htm","title":{"rendered":"Precios 2024\/2025"},"content":{"rendered":"\n<p><strong>Valores finales expresados en Reales (Reales Brasile\u00f1os R$). Tarifas fijas, todo incluido, sin cargos adicionales en arribo. <\/strong>Choferes no est\u00e1n autorizados a recibir pagos. Pagos \u00fanicamente en forma anticipada con tarjeta de cr\u00e9dito online.<\/p>\n\n\n\n<div class=\"wp-block-columns is-layout-flex wp-container-core-columns-is-layout-9d6595d7 wp-block-columns-is-layout-flex\">\n<div class=\"wp-block-column is-layout-flow wp-block-column-is-layout-flow\">\n<figure class=\"wp-block-image size-full\"><a href=\"#privado\"><img loading=\"lazy\" decoding=\"async\" width=\"926\" height=\"529\" src=\"https:\/\/www.airporttransfersrio.com\/es\/wp-content\/uploads\/2024\/07\/precios-transfer-aeropuerto-rio-de-janeiro-1.jpg\" alt=\"Precios Transfer Aeropuerto Rio de Janeiro\" class=\"wp-image-932\" srcset=\"https:\/\/www.airporttransfersrio.com\/es\/wp-content\/uploads\/2024\/07\/precios-transfer-aeropuerto-rio-de-janeiro-1.jpg 926w, https:\/\/www.airporttransfersrio.com\/es\/wp-content\/uploads\/2024\/07\/precios-transfer-aeropuerto-rio-de-janeiro-1-300x171.jpg 300w, https:\/\/www.airporttransfersrio.com\/es\/wp-content\/uploads\/2024\/07\/precios-transfer-aeropuerto-rio-de-janeiro-1-768x439.jpg 768w\" sizes=\"auto, (max-width: 926px) 100vw, 926px\" \/><\/a><\/figure>\n<\/div>\n\n\n\n<div class=\"wp-block-column is-layout-flow wp-block-column-is-layout-flow\">\n<figure class=\"wp-block-image size-full\"><a href=\"#compartido\"><img loading=\"lazy\" decoding=\"async\" width=\"926\" height=\"529\" src=\"https:\/\/www.airporttransfersrio.com\/es\/wp-content\/uploads\/2024\/07\/precios-transfer-aeropuerto-rio-de-janeiro-compartido.jpg\" alt=\"Precios Transfer Aeropuerto Rio de Janeiro\" class=\"wp-image-929\" srcset=\"https:\/\/www.airporttransfersrio.com\/es\/wp-content\/uploads\/2024\/07\/precios-transfer-aeropuerto-rio-de-janeiro-compartido.jpg 926w, https:\/\/www.airporttransfersrio.com\/es\/wp-content\/uploads\/2024\/07\/precios-transfer-aeropuerto-rio-de-janeiro-compartido-300x171.jpg 300w, https:\/\/www.airporttransfersrio.com\/es\/wp-content\/uploads\/2024\/07\/precios-transfer-aeropuerto-rio-de-janeiro-compartido-768x439.jpg 768w\" sizes=\"auto, (max-width: 926px) 100vw, 926px\" \/><\/a><\/figure>\n<\/div>\n<\/div>\n\n\n\n<hr class=\"wp-block-separator has-alpha-channel-opacity\"\/>\n\n\n\n<h3 class=\"wp-block-heading\" id=\"privado\"><strong>Transfers Privados:<\/strong><\/h3>\n\n\n\n<p><strong><mark style=\"background-color:#ffeb00\" class=\"has-inline-color\">Costos por veh\u00edculo (no por pasajero). Valores por tramo (no es ida y vuelta)<\/mark><\/strong><mark style=\"background-color:#ffeb00\" class=\"has-inline-color\">.<\/mark> <strong>Chofer personal, servicio exclusivo para usted. Sin esperas ni paradas. M\u00e1ximo confort. Precios expresados en Reales Brasile\u00f1os.<\/strong><\/p>\n\n\n\n<p><strong>Aeropuertos GIG\/SDU &#8211; Rio de Janeiro:<\/strong><br>SEDAN, hasta 2 pasajeros: 249 R$<br>SUV, hasta 4 pasajeros: 275 R$<br>MINIVAN, hasta 6 pasajeros: 599 R$<br>VAN hasta 10 pasajeros: 815 R$<br>VAN hasta 12 pasajeros: 1249 R$<\/p>\n\n\n\n<p><strong>Aeropuertos GIG\/SDU &#8211; Rio (Barra):<\/strong><br>SEDAN, hasta 2 pasajeros: 299 R$<br>SUV, hasta 4 pasajeros: 330 R$<br>MINIVAN, hasta 6 pasajeros: 659 R$<br>VAN hasta 10 pasajeros: 890 R$<br>VAN hasta 12 pasajeros: 1499 R$<\/p>\n\n\n\n<p><strong>Aeropuertos GIG\/SDU &#8211; Rio (Recreio):<\/strong><br>SEDAN, hasta 2 pasajeros: 339 R$<br>SUV, hasta 4 pasajeros: 385 R$<br>MINIVAN, hasta 6 pasajeros: 725 R$<br>VAN hasta 10 pasajeros: 979 R$<br>VAN hasta 12 pasajeros: 1649 R$<\/p>\n\n\n\n<p><strong>Entre Aeropuertos (GIG-SDU)<\/strong>:<br>SEDAN, hasta 2 pasajeros: 249 R$<br>SUV, hasta 4 pasajeros: 275 R$<br>MINIVAN, hasta 6 pasajeros: 599 R$<br>VAN hasta 10 pasajeros: 815 R$<br>VAN hasta 12 pasajeros: 1249 R$<\/p>\n\n\n\n<p><strong>Entre Puerto Cruceros y Aeropuertos:<\/strong><br>SEDAN, hasta 2 pasajeros: 249 R$<br>SUV, hasta 4 pasajeros: 275 R$<br>MINIVAN, hasta 6 pasajeros: 599 R$<br>VAN hasta 10 pasajeros: 815 R$<br>VAN hasta 12 pasajeros: 1249 R$<\/p>\n\n\n\n<p><strong>Puerto Cruceros &#8211; Rio (\u00c1rea Central):<\/strong><br>SEDAN, hasta 2 pasajeros: 249 R$<br>SUV, hasta 4 pasajeros: 275 R$<br>MINIVAN, hasta 6 pasajeros: 599 R$<br>VAN hasta 10 pasajeros: 815 R$<br>VAN hasta 12 pasajeros: 1249 R$<\/p>\n\n\n\n<p><strong>Puerto Cruceros &#8211; Rio (Barra):<\/strong><br>SEDAN, hasta 2 pasajeros: 299 R$<br>SUV, hasta 4 pasajeros: 330 R$<br>MINIVAN, hasta 6 pasajeros: 659 R$<br>VAN hasta 10 pasajeros: 890 R$<br>VAN hasta 12 pasajeros: 1499 R$<\/p>\n\n\n\n<p><strong>Puerto Cruceros &#8211; Rio (Recreio):<\/strong><br>SEDAN, hasta 2 pasajeros: 339 R$<br>SUV, hasta 4 pasajeros: 385 R$<br>MINIVAN, hasta 6 pasajeros: 725 R$<br>VAN hasta 10 pasajeros: 979 R$<br>VAN hasta 12 pasajeros: 1649 R$<\/p>\n\n\n\n<p><strong>Entre Rio de Janeiro y Buzios:<\/strong><br>SEDAN hasta 2 pasajeros: 949 R$<br>VAN hasta 10 pasajeros: 1.900 R$<br><a href=\"https:\/\/www.airporttransfersrio.com\/es\/contacto.htm\">Mas de 10 Pasajeros? Cont\u00e1ctenos!<\/a><\/p>\n\n\n\n<p><strong>Entre Rio de Janeiro y Arraial do Cabo:<\/strong><br>SEDAN hasta 2 pasajeros: 949 R$<br>VAN hasta 10 pasajeros: 1.900 R$<br><a href=\"https:\/\/www.airporttransfersrio.com\/es\/contacto.htm\">Mas de 10 Pasajeros? Cont\u00e1ctenos!<\/a><\/p>\n\n\n\n<p><strong>Entre Rio de Janeiro y Cabo Frio:<\/strong><br>SEDAN hasta 2 pasajeros: 949 R$<br>VAN hasta 10 pasajeros: 1.900 R$<br><a href=\"https:\/\/www.airporttransfersrio.com\/es\/contacto.htm\">Mas de 10 Pasajeros? Cont\u00e1ctenos!<\/a><\/p>\n\n\n\n<p><strong>Entre Rio de Janeiro y Angra dos Reis:<\/strong><br>SEDAN hasta 2 pasajeros: 949 R$<br>VAN hasta 10 pasajeros: 1.900 R$<br><a href=\"https:\/\/www.airporttransfersrio.com\/es\/contacto.htm\">Mas de 10 Pasajeros? Cont\u00e1ctenos!<\/a><\/p>\n\n\n\n<p><strong>Entre Rio de Janeiro y Club Med:<\/strong><br>SEDAN hasta 2 pasajeros: 949 R$<br>VAN hasta 10 pasajeros: 1.900 R$<br><a href=\"https:\/\/www.airporttransfersrio.com\/es\/contacto.htm\">Mas de 10 Pasajeros? Cont\u00e1ctenos!<\/a><\/p>\n\n\n\n<hr class=\"wp-block-separator has-alpha-channel-opacity\"\/>\n\n\n\n<h3 class=\"wp-block-heading\" id=\"compartido\"><strong>Transfer Compartido:<\/strong><\/h3>\n\n\n\n<p><strong><mark style=\"background-color:#ffeb00\" class=\"has-inline-color\">Costos por Persona. Valores por tramo (no es ida y vuelta)<\/mark><\/strong><mark style=\"background-color:#ffeb00\" class=\"has-inline-color\">.<\/mark> <strong>Servicio en BUS de turismo compartido con otros pasajeros. M\u00faltiples frecuencias dir\u00edas. Paradas en Hoteles y Pousadas para recoger pasajeros.<\/strong> <strong>Precios expresados en Reales Brasile\u00f1os.<\/strong><\/p>\n\n\n\n<p><strong>Aeropuertos GIG\/SDU &#8211; Rio de Janeiro:<\/strong><br>Hoteles (Zona Central): 85 R$<br>Hoteles (Barra da Tijuca): 142 R$<br>Hoteles (Recreio): 185 R$<br>Servicio nocturno se cobra adicional<\/p>\n\n\n\n<p><strong>Entre Rio de Janeiro y Buzios:<\/strong><br>Aeropuertos GIG\/SDU &#8211; B\u00fazios: 135 R$<br>Rio (Zona Central) &#8211; Buzios: 135 R$<br>Rio (Barra da Tijuca) &#8211; B\u00fazios: 207 R$<br>Rio (Recreio) &#8211; B\u00fazios: 235 R$<br>Hotel Apa Pau Brasil se cobra adicional<br>Servicio nocturno se cobra adicional<\/p>\n\n\n\n<p><strong>Entre Rio y Hoteles Arraial do Cabo:<\/strong><br>Aeropuertos GIG\/SDU &#8211; Arraial: 221 R$<br>Rio (Zona Central) &#8211; Arraial: 221 R$<br>Rio (Barra da Tijuca) &#8211; Arraial: 292 R$<br>Rio (Recreio) &#8211; Arraial: 321 R$<br>Servicio nocturno se cobra adicional<\/p>\n\n\n\n<p><strong>Entre Rio de Janeiro y Cabo Frio:<\/strong><br>Aeropuertos &#8211; Cabo Frio: 221 R$<br>Rio (Zona Central) &#8211; Cabo Frio: 221 R$<br>Rio (Barra) &#8211; Cabo Frio: 292 R$<br>Rio (Recreio) &#8211; Cabo Frio: 321 R$<br>Servicio nocturno se cobra adicional<\/p>\n\n\n\n<p><strong>Entre Rio de Janeiro y Angra dos Reis:<\/strong><br>Aeropuertos GIG\/SDU &#8211; Angra: 242 R$<br>Rio (Zona Central) &#8211; Angra: 242 R$<br>Servicio nocturno se cobra adicional<\/p>\n\n\n\n<p><strong>Entre Rio de Janeiro e Ilha Grande:<\/strong><br>Aeropuertos &#8211; Ilha Grande: 242 R$<br>Rio (Zona Central) &#8211; Ilha Grande 242 R$<br>Rio (Barra) &#8211; Ilha Grande: 257 R$<br>Rio (Recreio) &#8211; Ilha Grande: 378 R$<\/p>\n\n\n\n<hr class=\"wp-block-separator has-alpha-channel-opacity\"\/>\n","protected":false},"excerpt":{"rendered":"<p>Valores finales expresados en Reales (Reales Brasile\u00f1os R$). Tarifas fijas, todo incluido, sin cargos adicionales en arribo. Choferes no est\u00e1n autorizados a recibir pagos. Pagos \u00fanicamente en forma anticipada con tarjeta de cr\u00e9dito online. Transfers Privados: Costos por veh\u00edculo (no por pasajero). Valores por tramo (no es ida y vuelta). Chofer personal, servicio exclusivo para &#8230; <a title=\"Precios 2024\/2025\" class=\"read-more\" href=\"https:\/\/www.airporttransfersrio.com\/es\/precios-costos-tarifas.htm\" aria-label=\"Leer m\u00e1s sobre Precios 2024\/2025\">Leer m\u00e1s<\/a><\/p>\n","protected":false},"author":1,"featured_media":0,"parent":0,"menu_order":0,"comment_status":"closed","ping_status":"closed","template":"","meta":{"footnotes":""},"class_list":["post-78","page","type-page","status-publish"],"yoast_head":"<!-- This site is optimized with the Yoast SEO plugin v27.4 - https:\/\/yoast.com\/product\/yoast-seo-wordpress\/ -->\n<title>Precios - Transfers Rio de Janeiro<\/title>\n<meta name=\"description\" content=\"Precios - Transfers Rio de Janeiro - Traslados Privados y Compartidos. Copacabana, Ipanema, Leblon, Buzios, Ilha Grande y mas\" \/>\n<meta name=\"robots\" content=\"index, follow, max-snippet:-1, max-image-preview:large, max-video-preview:-1\" \/>\n<link rel=\"canonical\" href=\"https:\/\/www.airporttransfersrio.com\/es\/precios-costos-tarifas.htm\" \/>\n<meta property=\"og:locale\" content=\"es_ES\" \/>\n<meta property=\"og:type\" content=\"article\" \/>\n<meta property=\"og:title\" content=\"Precios - Transfers Rio de Janeiro\" \/>\n<meta property=\"og:description\" content=\"Precios - Transfers Rio de Janeiro - Traslados Privados y Compartidos. Copacabana, Ipanema, Leblon, Buzios, Ilha Grande y mas\" \/>\n<meta property=\"og:url\" content=\"https:\/\/www.airporttransfersrio.com\/es\/precios-costos-tarifas.htm\" \/>\n<meta property=\"og:site_name\" content=\"Traslados Aeropuerto Rio de Janeiro\" \/>\n<meta property=\"article:modified_time\" content=\"2024-08-06T09:00:01+00:00\" \/>\n<meta property=\"og:image\" content=\"https:\/\/www.airporttransfersrio.com\/es\/wp-content\/uploads\/2024\/07\/precios-transfer-aeropuerto-rio-de-janeiro-1.jpg\" \/>\n<meta name=\"twitter:card\" content=\"summary_large_image\" \/>\n<meta name=\"twitter:label1\" content=\"Tiempo de lectura\" \/>\n\t<meta name=\"twitter:data1\" content=\"4 minutos\" \/>\n<script type=\"application\/ld+json\" class=\"yoast-schema-graph\">{\"@context\":\"https:\\\/\\\/schema.org\",\"@graph\":[{\"@type\":\"WebPage\",\"@id\":\"https:\\\/\\\/www.airporttransfersrio.com\\\/es\\\/precios-costos-tarifas.htm\",\"url\":\"https:\\\/\\\/www.airporttransfersrio.com\\\/es\\\/precios-costos-tarifas.htm\",\"name\":\"Precios - Transfers Rio de Janeiro\",\"isPartOf\":{\"@id\":\"https:\\\/\\\/box2202.temp.domains\\\/~buenosa2\\\/airporttransfersrio\\\/es\\\/#website\"},\"primaryImageOfPage\":{\"@id\":\"https:\\\/\\\/www.airporttransfersrio.com\\\/es\\\/precios-costos-tarifas.htm#primaryimage\"},\"image\":{\"@id\":\"https:\\\/\\\/www.airporttransfersrio.com\\\/es\\\/precios-costos-tarifas.htm#primaryimage\"},\"thumbnailUrl\":\"https:\\\/\\\/www.airporttransfersrio.com\\\/es\\\/wp-content\\\/uploads\\\/2024\\\/07\\\/precios-transfer-aeropuerto-rio-de-janeiro-1.jpg\",\"datePublished\":\"2023-10-19T11:25:58+00:00\",\"dateModified\":\"2024-08-06T09:00:01+00:00\",\"description\":\"Precios - Transfers Rio de Janeiro - Traslados Privados y Compartidos. Copacabana, Ipanema, Leblon, Buzios, Ilha Grande y mas\",\"breadcrumb\":{\"@id\":\"https:\\\/\\\/www.airporttransfersrio.com\\\/es\\\/precios-costos-tarifas.htm#breadcrumb\"},\"inLanguage\":\"es\",\"potentialAction\":[{\"@type\":\"ReadAction\",\"target\":[\"https:\\\/\\\/www.airporttransfersrio.com\\\/es\\\/precios-costos-tarifas.htm\"]}]},{\"@type\":\"ImageObject\",\"inLanguage\":\"es\",\"@id\":\"https:\\\/\\\/www.airporttransfersrio.com\\\/es\\\/precios-costos-tarifas.htm#primaryimage\",\"url\":\"https:\\\/\\\/www.airporttransfersrio.com\\\/es\\\/wp-content\\\/uploads\\\/2024\\\/07\\\/precios-transfer-aeropuerto-rio-de-janeiro-1.jpg\",\"contentUrl\":\"https:\\\/\\\/www.airporttransfersrio.com\\\/es\\\/wp-content\\\/uploads\\\/2024\\\/07\\\/precios-transfer-aeropuerto-rio-de-janeiro-1.jpg\",\"width\":926,\"height\":529},{\"@type\":\"BreadcrumbList\",\"@id\":\"https:\\\/\\\/www.airporttransfersrio.com\\\/es\\\/precios-costos-tarifas.htm#breadcrumb\",\"itemListElement\":[{\"@type\":\"ListItem\",\"position\":1,\"name\":\"Home\",\"item\":\"https:\\\/\\\/www.airporttransfersrio.com\\\/es\\\/\"},{\"@type\":\"ListItem\",\"position\":2,\"name\":\"Precios 2024\\\/2025\"}]},{\"@type\":\"WebSite\",\"@id\":\"https:\\\/\\\/box2202.temp.domains\\\/~buenosa2\\\/airporttransfersrio\\\/es\\\/#website\",\"url\":\"https:\\\/\\\/box2202.temp.domains\\\/~buenosa2\\\/airporttransfersrio\\\/es\\\/\",\"name\":\"Traslados Aeropuerto Rio de Janeiro\",\"description\":\"Servicio de trasaldos en Rio de Janeiro. Servicios privados y compartidos.\",\"publisher\":{\"@id\":\"https:\\\/\\\/box2202.temp.domains\\\/~buenosa2\\\/airporttransfersrio\\\/es\\\/#organization\"},\"potentialAction\":[{\"@type\":\"SearchAction\",\"target\":{\"@type\":\"EntryPoint\",\"urlTemplate\":\"https:\\\/\\\/box2202.temp.domains\\\/~buenosa2\\\/airporttransfersrio\\\/es\\\/?s={search_term_string}\"},\"query-input\":{\"@type\":\"PropertyValueSpecification\",\"valueRequired\":true,\"valueName\":\"search_term_string\"}}],\"inLanguage\":\"es\"},{\"@type\":\"Organization\",\"@id\":\"https:\\\/\\\/box2202.temp.domains\\\/~buenosa2\\\/airporttransfersrio\\\/es\\\/#organization\",\"name\":\"Traslados Aeropuerto Rio de Janeiro\",\"url\":\"https:\\\/\\\/box2202.temp.domains\\\/~buenosa2\\\/airporttransfersrio\\\/es\\\/\",\"logo\":{\"@type\":\"ImageObject\",\"inLanguage\":\"es\",\"@id\":\"https:\\\/\\\/box2202.temp.domains\\\/~buenosa2\\\/airporttransfersrio\\\/es\\\/#\\\/schema\\\/logo\\\/image\\\/\",\"url\":\"https:\\\/\\\/www.airporttransfersrio.com\\\/es\\\/wp-content\\\/uploads\\\/2024\\\/05\\\/cropped-atr-home1.jpg\",\"contentUrl\":\"https:\\\/\\\/www.airporttransfersrio.com\\\/es\\\/wp-content\\\/uploads\\\/2024\\\/05\\\/cropped-atr-home1.jpg\",\"width\":1058,\"height\":379,\"caption\":\"Traslados Aeropuerto Rio de Janeiro\"},\"image\":{\"@id\":\"https:\\\/\\\/box2202.temp.domains\\\/~buenosa2\\\/airporttransfersrio\\\/es\\\/#\\\/schema\\\/logo\\\/image\\\/\"}}]}<\/script>\n<!-- \/ Yoast SEO plugin. -->","yoast_head_json":{"title":"Precios - Transfers Rio de Janeiro","description":"Precios - Transfers Rio de Janeiro - Traslados Privados y Compartidos. Copacabana, Ipanema, Leblon, Buzios, Ilha Grande y mas","robots":{"index":"index","follow":"follow","max-snippet":"max-snippet:-1","max-image-preview":"max-image-preview:large","max-video-preview":"max-video-preview:-1"},"canonical":"https:\/\/www.airporttransfersrio.com\/es\/precios-costos-tarifas.htm","og_locale":"es_ES","og_type":"article","og_title":"Precios - Transfers Rio de Janeiro","og_description":"Precios - Transfers Rio de Janeiro - Traslados Privados y Compartidos. Copacabana, Ipanema, Leblon, Buzios, Ilha Grande y mas","og_url":"https:\/\/www.airporttransfersrio.com\/es\/precios-costos-tarifas.htm","og_site_name":"Traslados Aeropuerto Rio de Janeiro","article_modified_time":"2024-08-06T09:00:01+00:00","og_image":[{"url":"https:\/\/www.airporttransfersrio.com\/es\/wp-content\/uploads\/2024\/07\/precios-transfer-aeropuerto-rio-de-janeiro-1.jpg","type":"","width":"","height":""}],"twitter_card":"summary_large_image","twitter_misc":{"Tiempo de lectura":"4 minutos"},"schema":{"@context":"https:\/\/schema.org","@graph":[{"@type":"WebPage","@id":"https:\/\/www.airporttransfersrio.com\/es\/precios-costos-tarifas.htm","url":"https:\/\/www.airporttransfersrio.com\/es\/precios-costos-tarifas.htm","name":"Precios - Transfers Rio de Janeiro","isPartOf":{"@id":"https:\/\/box2202.temp.domains\/~buenosa2\/airporttransfersrio\/es\/#website"},"primaryImageOfPage":{"@id":"https:\/\/www.airporttransfersrio.com\/es\/precios-costos-tarifas.htm#primaryimage"},"image":{"@id":"https:\/\/www.airporttransfersrio.com\/es\/precios-costos-tarifas.htm#primaryimage"},"thumbnailUrl":"https:\/\/www.airporttransfersrio.com\/es\/wp-content\/uploads\/2024\/07\/precios-transfer-aeropuerto-rio-de-janeiro-1.jpg","datePublished":"2023-10-19T11:25:58+00:00","dateModified":"2024-08-06T09:00:01+00:00","description":"Precios - Transfers Rio de Janeiro - Traslados Privados y Compartidos. Copacabana, Ipanema, Leblon, Buzios, Ilha Grande y mas","breadcrumb":{"@id":"https:\/\/www.airporttransfersrio.com\/es\/precios-costos-tarifas.htm#breadcrumb"},"inLanguage":"es","potentialAction":[{"@type":"ReadAction","target":["https:\/\/www.airporttransfersrio.com\/es\/precios-costos-tarifas.htm"]}]},{"@type":"ImageObject","inLanguage":"es","@id":"https:\/\/www.airporttransfersrio.com\/es\/precios-costos-tarifas.htm#primaryimage","url":"https:\/\/www.airporttransfersrio.com\/es\/wp-content\/uploads\/2024\/07\/precios-transfer-aeropuerto-rio-de-janeiro-1.jpg","contentUrl":"https:\/\/www.airporttransfersrio.com\/es\/wp-content\/uploads\/2024\/07\/precios-transfer-aeropuerto-rio-de-janeiro-1.jpg","width":926,"height":529},{"@type":"BreadcrumbList","@id":"https:\/\/www.airporttransfersrio.com\/es\/precios-costos-tarifas.htm#breadcrumb","itemListElement":[{"@type":"ListItem","position":1,"name":"Home","item":"https:\/\/www.airporttransfersrio.com\/es\/"},{"@type":"ListItem","position":2,"name":"Precios 2024\/2025"}]},{"@type":"WebSite","@id":"https:\/\/box2202.temp.domains\/~buenosa2\/airporttransfersrio\/es\/#website","url":"https:\/\/box2202.temp.domains\/~buenosa2\/airporttransfersrio\/es\/","name":"Traslados Aeropuerto Rio de Janeiro","description":"Servicio de trasaldos en Rio de Janeiro. Servicios privados y compartidos.","publisher":{"@id":"https:\/\/box2202.temp.domains\/~buenosa2\/airporttransfersrio\/es\/#organization"},"potentialAction":[{"@type":"SearchAction","target":{"@type":"EntryPoint","urlTemplate":"https:\/\/box2202.temp.domains\/~buenosa2\/airporttransfersrio\/es\/?s={search_term_string}"},"query-input":{"@type":"PropertyValueSpecification","valueRequired":true,"valueName":"search_term_string"}}],"inLanguage":"es"},{"@type":"Organization","@id":"https:\/\/box2202.temp.domains\/~buenosa2\/airporttransfersrio\/es\/#organization","name":"Traslados Aeropuerto Rio de Janeiro","url":"https:\/\/box2202.temp.domains\/~buenosa2\/airporttransfersrio\/es\/","logo":{"@type":"ImageObject","inLanguage":"es","@id":"https:\/\/box2202.temp.domains\/~buenosa2\/airporttransfersrio\/es\/#\/schema\/logo\/image\/","url":"https:\/\/www.airporttransfersrio.com\/es\/wp-content\/uploads\/2024\/05\/cropped-atr-home1.jpg","contentUrl":"https:\/\/www.airporttransfersrio.com\/es\/wp-content\/uploads\/2024\/05\/cropped-atr-home1.jpg","width":1058,"height":379,"caption":"Traslados Aeropuerto Rio de Janeiro"},"image":{"@id":"https:\/\/box2202.temp.domains\/~buenosa2\/airporttransfersrio\/es\/#\/schema\/logo\/image\/"}}]}},"_links":{"self":[{"href":"https:\/\/www.airporttransfersrio.com\/es\/wp-json\/wp\/v2\/pages\/78","targetHints":{"allow":["GET"]}}],"collection":[{"href":"https:\/\/www.airporttransfersrio.com\/es\/wp-json\/wp\/v2\/pages"}],"about":[{"href":"https:\/\/www.airporttransfersrio.com\/es\/wp-json\/wp\/v2\/types\/page"}],"author":[{"embeddable":true,"href":"https:\/\/www.airporttransfersrio.com\/es\/wp-json\/wp\/v2\/users\/1"}],"replies":[{"embeddable":true,"href":"https:\/\/www.airporttransfersrio.com\/es\/wp-json\/wp\/v2\/comments?post=78"}],"version-history":[{"count":19,"href":"https:\/\/www.airporttransfersrio.com\/es\/wp-json\/wp\/v2\/pages\/78\/revisions"}],"predecessor-version":[{"id":1019,"href":"https:\/\/www.airporttransfersrio.com\/es\/wp-json\/wp\/v2\/pages\/78\/revisions\/1019"}],"wp:attachment":[{"href":"https:\/\/www.airporttransfersrio.com\/es\/wp-json\/wp\/v2\/media?parent=78"}],"curies":[{"name":"wp","href":"https:\/\/api.w.org\/{rel}","templated":true}]}}