{"id":74,"date":"2023-10-19T11:16:01","date_gmt":"2023-10-19T11:16:01","guid":{"rendered":"https:\/\/www.airporttransfersrio.com\/es\/?page_id=74"},"modified":"2023-10-19T11:17:10","modified_gmt":"2023-10-19T11:17:10","slug":"preguntas-frecuentes","status":"publish","type":"page","link":"https:\/\/www.airporttransfersrio.com\/es\/preguntas-frecuentes.htm","title":{"rendered":"Traslados Rio de Janeiro"},"content":{"rendered":"\n<figure class=\"wp-block-image size-large\"><img decoding=\"async\" src=\"https:\/\/airporttransfersrio.com\/img\/preguntas-frecuentes-rio-de-janeiro.jpg\" alt=\"Preguntas Frecuentes - Traslados Rio de Janeiro\"\/><\/figure>\n\n\n\n<hr class=\"wp-block-separator has-alpha-channel-opacity\"\/>\n\n\n\n<h3 class=\"wp-block-heading\">\u00bfCu\u00e1l es el valor total del servicio?<\/h3>\n\n\n\n<ul class=\"wp-block-list\">\n<li><a href=\"https:\/\/airporttransfersrio.com\/es\/precios-costos-tarifas.htm\">Acceda a la lista de precios haciendo click aqui<\/a><\/li>\n\n\n\n<li>Los precios son finales<\/li>\n\n\n\n<li>No sera cobrado ningun adicional al momento su llegada<\/li>\n\n\n\n<li>Los valores incluyen impuestos, tasas, peajes y otros gastos<\/li>\n<\/ul>\n\n\n\n<h3 class=\"wp-block-heading\">\u00bfC\u00f3mo se realiza una reserva?<\/h3>\n\n\n\n<ul class=\"wp-block-list\">\n<li>Las reservas se realizan exclusivamente por Internet<\/li>\n\n\n\n<li><a href=\"https:\/\/airporttransfersrio.com\/es\/como-reservar-traslado-aeropuerto-rio-de-janeiro.htm\">Lea un instructivo paso-a-paso de como se realiza una reserva<\/a><\/li>\n\n\n\n<li><a href=\"https:\/\/airporttransfersrio.com\/es\/reservas.htm\">Acceda a sistema automatico de reservas haciendo click aqui<\/a><\/li>\n<\/ul>\n\n\n\n<h3 class=\"wp-block-heading\">\u00bfPuedo reservar sin usar el sistema autom\u00e1tico\/online?<\/h3>\n\n\n\n<ul class=\"wp-block-list\">\n<li><a href=\"https:\/\/www.airporttransfersrio.com\/es\/contacto.htm\">Haga click aqu\u00ed para enviar sus datos y reservar manualmente<\/a><\/li>\n<\/ul>\n\n\n\n<h3 class=\"wp-block-heading\">\u00bfC\u00f3mo y cuando se realizan los pagos?<\/h3>\n\n\n\n<ul class=\"wp-block-list\">\n<li>Se aceptan todas las tarjetas de credito via internet<\/li>\n\n\n\n<li>Operamos tambien con PayPal como opcion de pagos<\/li>\n\n\n\n<li>Los choferes\/guias no est\u00e1n autorizados a recibir pagos<\/li>\n\n\n\n<li>Reservas son confirmadas solo con el pago anticipado del 100% del valor<\/li>\n<\/ul>\n\n\n\n<h3 class=\"wp-block-heading\">Viajo con equipaje extra, \u00bfQu\u00e9 debo hacer?<\/h3>\n\n\n\n<p>Si usted o alguien de su grupo viaja con mas de una maleta y un bolso de mano por persona debe entrar en contacto antes de realizar su reserva. Contamos con veh\u00edculos con capacidad para transportar todo tipo de equipaje, pero debemos ser notificados con anticipaci\u00f3n.<\/p>\n\n\n\n<hr class=\"wp-block-separator has-alpha-channel-opacity\"\/>\n\n\n\n<h2 class=\"wp-block-heading\"><strong><span style=\"text-decoration: underline;\">Transfer Privado, dentro de Rio de Janeiro<\/span><\/strong><\/h2>\n\n\n\n<h3 class=\"wp-block-heading\">\u00bfC\u00f3mo encuentro al chofer en el Aeropuerto?<\/h3>\n\n\n\n<p>El chofer o un represenatnte de la empresa estar\u00e1 aguardando por usted en el hall de arribos inmediatamente despues de pasar por aduana con un letrero exibhiendosu nombre.<\/p>\n\n\n\n<h3 class=\"wp-block-heading\">\u00bfQu\u00e9 sucede si el vuelo se demora o cancela?<\/h3>\n\n\n\n<ul class=\"wp-block-list\">\n<li>Se realiza un seguimiento de los vuelos via internet.<\/li>\n\n\n\n<li>Si surgieran demoras razonables el chofer aguardara por usted.<\/li>\n\n\n\n<li>Si el vuelo es cancelado y recibimos de forma inmediata su nuevo vuelo de llegada, intentaremos por todos los medios atender su reserva siempre que contemos con disponibilidad para la nueva fecha\/hora de llegada.<\/li>\n<\/ul>\n\n\n\n<h3 class=\"wp-block-heading\">\u00bfA que hora me recogeran cuando me dirija al aeropuerto?<\/h3>\n\n\n\n<p>Usted podr\u00e1 decidir su horario de preferencia al realizar su reserva. Recomendamos m\u00ednimos no menor a 3 o 4 horas antes de la salida de su vuelo dependiendo si se trata de un vuelo local o internacional.<\/p>\n\n\n\n<hr class=\"wp-block-separator has-alpha-channel-opacity\"\/>\n\n\n\n<h2 class=\"wp-block-heading\"><strong><span style=\"text-decoration: underline;\">Transfer Compartido: Buzios\/Arraial\/Cabo Frio\/Ilha Grande<\/span><\/strong><\/h2>\n\n\n\n<h3 class=\"wp-block-heading\">\u00bfC\u00f3mo encuentro al BUS en el Aeropuerto?<\/h3>\n\n\n\n<p>Un representante de la empresa estar\u00e1 aguardando por usted en el hall de arribos inmediatamente despu\u00e9s de pasar por aduana con un letrero exhibiendo nombre y lo escoltar\u00e1 hasta el veh\u00edculo.<\/p>\n\n\n\n<h3 class=\"wp-block-heading\">Mi vuelo llega durante la madrugada, \u00bfhay servicios disponibles?<\/h3>\n\n\n\n<p>El Primer Transfer Compartido desde Aeropuerto GIG sale entre las 8:00 y las 9:00 AM. Si su vuelo llega durante la madrigado, por favor aguardar al representente en la puerat de desembarque<\/p>\n\n\n\n<h3 class=\"wp-block-heading\">\u00bfA que hora me recoger\u00e1n para dirigirme al aeropuerto?<\/h3>\n\n\n\n<p><a href=\"https:\/\/airporttransfersrio.com\/es\/transfer-rio-buzios.htm\">Puede consultar Horarios hacia\/desde Buzios aqu\u00ed<\/a><br><a href=\"https:\/\/airporttransfersrio.com\/es\/transfer-rio-cabo-frio-arraial-do-cabo.htm\">Puede consultar Horarios hacia\/desde Arrial do Cabo aqu\u00ed<\/a><br><a href=\"https:\/\/airporttransfersrio.com\/es\/transfer-rio-cabo-frio-arraial-do-cabo.htm\">Puede consultar Horarios hacia\/desde Cabo Frio aqu\u00ed<\/a><\/p>\n\n\n\n<h3 class=\"wp-block-heading\">\u00bfEn que horario salen los Transfers Hotel-Hotel?<\/h3>\n\n\n\n<p>Lo recogemos en su hotel: Por la Ma\u00f1ana. Nos comunicaremos con la recepcion de su hotel 24 horas anters de la fecha del servicio para confirmar horario exacto<\/p>\n","protected":false},"excerpt":{"rendered":"<p>\u00bfCu\u00e1l es el valor total del servicio? \u00bfC\u00f3mo se realiza una reserva? \u00bfPuedo reservar sin usar el sistema autom\u00e1tico\/online? \u00bfC\u00f3mo y cuando se realizan los pagos? Viajo con equipaje extra, \u00bfQu\u00e9 debo hacer? Si usted o alguien de su grupo viaja con mas de una maleta y un bolso de mano por persona debe entrar &#8230; <a title=\"Traslados Rio de Janeiro\" class=\"read-more\" href=\"https:\/\/www.airporttransfersrio.com\/es\/preguntas-frecuentes.htm\" aria-label=\"Leer m\u00e1s sobre Traslados Rio de Janeiro\">Leer m\u00e1s<\/a><\/p>\n","protected":false},"author":1,"featured_media":0,"parent":0,"menu_order":0,"comment_status":"closed","ping_status":"closed","template":"","meta":{"footnotes":""},"class_list":["post-74","page","type-page","status-publish"],"yoast_head":"<!-- This site is optimized with the Yoast SEO plugin v27.4 - https:\/\/yoast.com\/product\/yoast-seo-wordpress\/ -->\n<title>Preguntas Frecuentes - Traslados Rio de Janeiro<\/title>\n<meta name=\"description\" content=\"Preguntas Frecuentes - Traslados Rio de Janeiro - Precios, opciones, miedos de pago, horarios, como encontrar al chofer en Aeropuerto\" \/>\n<meta name=\"robots\" content=\"index, follow, max-snippet:-1, max-image-preview:large, max-video-preview:-1\" \/>\n<link rel=\"canonical\" href=\"https:\/\/www.airporttransfersrio.com\/es\/preguntas-frecuentes.htm\" \/>\n<meta property=\"og:locale\" content=\"es_ES\" \/>\n<meta property=\"og:type\" content=\"article\" \/>\n<meta property=\"og:title\" content=\"Preguntas Frecuentes - Traslados Rio de Janeiro\" \/>\n<meta property=\"og:description\" content=\"Preguntas Frecuentes - Traslados Rio de Janeiro - Precios, opciones, miedos de pago, horarios, como encontrar al chofer en Aeropuerto\" \/>\n<meta property=\"og:url\" content=\"https:\/\/www.airporttransfersrio.com\/es\/preguntas-frecuentes.htm\" \/>\n<meta property=\"og:site_name\" content=\"Traslados Aeropuerto Rio de Janeiro\" \/>\n<meta property=\"article:modified_time\" content=\"2023-10-19T11:17:10+00:00\" \/>\n<meta property=\"og:image\" content=\"https:\/\/airporttransfersrio.com\/img\/preguntas-frecuentes-rio-de-janeiro.jpg\" \/>\n<meta name=\"twitter:card\" content=\"summary_large_image\" \/>\n<meta name=\"twitter:label1\" content=\"Tiempo de lectura\" \/>\n\t<meta name=\"twitter:data1\" content=\"3 minutos\" \/>\n<script type=\"application\/ld+json\" class=\"yoast-schema-graph\">{\"@context\":\"https:\\\/\\\/schema.org\",\"@graph\":[{\"@type\":\"WebPage\",\"@id\":\"https:\\\/\\\/www.airporttransfersrio.com\\\/es\\\/preguntas-frecuentes.htm\",\"url\":\"https:\\\/\\\/www.airporttransfersrio.com\\\/es\\\/preguntas-frecuentes.htm\",\"name\":\"Preguntas Frecuentes - Traslados Rio de Janeiro\",\"isPartOf\":{\"@id\":\"https:\\\/\\\/box2202.temp.domains\\\/~buenosa2\\\/airporttransfersrio\\\/es\\\/#website\"},\"primaryImageOfPage\":{\"@id\":\"https:\\\/\\\/www.airporttransfersrio.com\\\/es\\\/preguntas-frecuentes.htm#primaryimage\"},\"image\":{\"@id\":\"https:\\\/\\\/www.airporttransfersrio.com\\\/es\\\/preguntas-frecuentes.htm#primaryimage\"},\"thumbnailUrl\":\"https:\\\/\\\/airporttransfersrio.com\\\/img\\\/preguntas-frecuentes-rio-de-janeiro.jpg\",\"datePublished\":\"2023-10-19T11:16:01+00:00\",\"dateModified\":\"2023-10-19T11:17:10+00:00\",\"description\":\"Preguntas Frecuentes - Traslados Rio de Janeiro - Precios, opciones, miedos de pago, horarios, como encontrar al chofer en Aeropuerto\",\"breadcrumb\":{\"@id\":\"https:\\\/\\\/www.airporttransfersrio.com\\\/es\\\/preguntas-frecuentes.htm#breadcrumb\"},\"inLanguage\":\"es\",\"potentialAction\":[{\"@type\":\"ReadAction\",\"target\":[\"https:\\\/\\\/www.airporttransfersrio.com\\\/es\\\/preguntas-frecuentes.htm\"]}]},{\"@type\":\"ImageObject\",\"inLanguage\":\"es\",\"@id\":\"https:\\\/\\\/www.airporttransfersrio.com\\\/es\\\/preguntas-frecuentes.htm#primaryimage\",\"url\":\"https:\\\/\\\/airporttransfersrio.com\\\/img\\\/preguntas-frecuentes-rio-de-janeiro.jpg\",\"contentUrl\":\"https:\\\/\\\/airporttransfersrio.com\\\/img\\\/preguntas-frecuentes-rio-de-janeiro.jpg\"},{\"@type\":\"BreadcrumbList\",\"@id\":\"https:\\\/\\\/www.airporttransfersrio.com\\\/es\\\/preguntas-frecuentes.htm#breadcrumb\",\"itemListElement\":[{\"@type\":\"ListItem\",\"position\":1,\"name\":\"Home\",\"item\":\"https:\\\/\\\/www.airporttransfersrio.com\\\/es\\\/\"},{\"@type\":\"ListItem\",\"position\":2,\"name\":\"Traslados Rio de Janeiro\"}]},{\"@type\":\"WebSite\",\"@id\":\"https:\\\/\\\/box2202.temp.domains\\\/~buenosa2\\\/airporttransfersrio\\\/es\\\/#website\",\"url\":\"https:\\\/\\\/box2202.temp.domains\\\/~buenosa2\\\/airporttransfersrio\\\/es\\\/\",\"name\":\"Traslados Aeropuerto Rio de Janeiro\",\"description\":\"Servicio de trasaldos en Rio de Janeiro. Servicios privados y compartidos.\",\"publisher\":{\"@id\":\"https:\\\/\\\/box2202.temp.domains\\\/~buenosa2\\\/airporttransfersrio\\\/es\\\/#organization\"},\"potentialAction\":[{\"@type\":\"SearchAction\",\"target\":{\"@type\":\"EntryPoint\",\"urlTemplate\":\"https:\\\/\\\/box2202.temp.domains\\\/~buenosa2\\\/airporttransfersrio\\\/es\\\/?s={search_term_string}\"},\"query-input\":{\"@type\":\"PropertyValueSpecification\",\"valueRequired\":true,\"valueName\":\"search_term_string\"}}],\"inLanguage\":\"es\"},{\"@type\":\"Organization\",\"@id\":\"https:\\\/\\\/box2202.temp.domains\\\/~buenosa2\\\/airporttransfersrio\\\/es\\\/#organization\",\"name\":\"Traslados Aeropuerto Rio de Janeiro\",\"url\":\"https:\\\/\\\/box2202.temp.domains\\\/~buenosa2\\\/airporttransfersrio\\\/es\\\/\",\"logo\":{\"@type\":\"ImageObject\",\"inLanguage\":\"es\",\"@id\":\"https:\\\/\\\/box2202.temp.domains\\\/~buenosa2\\\/airporttransfersrio\\\/es\\\/#\\\/schema\\\/logo\\\/image\\\/\",\"url\":\"https:\\\/\\\/www.airporttransfersrio.com\\\/es\\\/wp-content\\\/uploads\\\/2024\\\/05\\\/cropped-atr-home1.jpg\",\"contentUrl\":\"https:\\\/\\\/www.airporttransfersrio.com\\\/es\\\/wp-content\\\/uploads\\\/2024\\\/05\\\/cropped-atr-home1.jpg\",\"width\":1058,\"height\":379,\"caption\":\"Traslados Aeropuerto Rio de Janeiro\"},\"image\":{\"@id\":\"https:\\\/\\\/box2202.temp.domains\\\/~buenosa2\\\/airporttransfersrio\\\/es\\\/#\\\/schema\\\/logo\\\/image\\\/\"}}]}<\/script>\n<!-- \/ Yoast SEO plugin. -->","yoast_head_json":{"title":"Preguntas Frecuentes - Traslados Rio de Janeiro","description":"Preguntas Frecuentes - Traslados Rio de Janeiro - Precios, opciones, miedos de pago, horarios, como encontrar al chofer en Aeropuerto","robots":{"index":"index","follow":"follow","max-snippet":"max-snippet:-1","max-image-preview":"max-image-preview:large","max-video-preview":"max-video-preview:-1"},"canonical":"https:\/\/www.airporttransfersrio.com\/es\/preguntas-frecuentes.htm","og_locale":"es_ES","og_type":"article","og_title":"Preguntas Frecuentes - Traslados Rio de Janeiro","og_description":"Preguntas Frecuentes - Traslados Rio de Janeiro - Precios, opciones, miedos de pago, horarios, como encontrar al chofer en Aeropuerto","og_url":"https:\/\/www.airporttransfersrio.com\/es\/preguntas-frecuentes.htm","og_site_name":"Traslados Aeropuerto Rio de Janeiro","article_modified_time":"2023-10-19T11:17:10+00:00","og_image":[{"url":"https:\/\/airporttransfersrio.com\/img\/preguntas-frecuentes-rio-de-janeiro.jpg","type":"","width":"","height":""}],"twitter_card":"summary_large_image","twitter_misc":{"Tiempo de lectura":"3 minutos"},"schema":{"@context":"https:\/\/schema.org","@graph":[{"@type":"WebPage","@id":"https:\/\/www.airporttransfersrio.com\/es\/preguntas-frecuentes.htm","url":"https:\/\/www.airporttransfersrio.com\/es\/preguntas-frecuentes.htm","name":"Preguntas Frecuentes - Traslados Rio de Janeiro","isPartOf":{"@id":"https:\/\/box2202.temp.domains\/~buenosa2\/airporttransfersrio\/es\/#website"},"primaryImageOfPage":{"@id":"https:\/\/www.airporttransfersrio.com\/es\/preguntas-frecuentes.htm#primaryimage"},"image":{"@id":"https:\/\/www.airporttransfersrio.com\/es\/preguntas-frecuentes.htm#primaryimage"},"thumbnailUrl":"https:\/\/airporttransfersrio.com\/img\/preguntas-frecuentes-rio-de-janeiro.jpg","datePublished":"2023-10-19T11:16:01+00:00","dateModified":"2023-10-19T11:17:10+00:00","description":"Preguntas Frecuentes - Traslados Rio de Janeiro - Precios, opciones, miedos de pago, horarios, como encontrar al chofer en Aeropuerto","breadcrumb":{"@id":"https:\/\/www.airporttransfersrio.com\/es\/preguntas-frecuentes.htm#breadcrumb"},"inLanguage":"es","potentialAction":[{"@type":"ReadAction","target":["https:\/\/www.airporttransfersrio.com\/es\/preguntas-frecuentes.htm"]}]},{"@type":"ImageObject","inLanguage":"es","@id":"https:\/\/www.airporttransfersrio.com\/es\/preguntas-frecuentes.htm#primaryimage","url":"https:\/\/airporttransfersrio.com\/img\/preguntas-frecuentes-rio-de-janeiro.jpg","contentUrl":"https:\/\/airporttransfersrio.com\/img\/preguntas-frecuentes-rio-de-janeiro.jpg"},{"@type":"BreadcrumbList","@id":"https:\/\/www.airporttransfersrio.com\/es\/preguntas-frecuentes.htm#breadcrumb","itemListElement":[{"@type":"ListItem","position":1,"name":"Home","item":"https:\/\/www.airporttransfersrio.com\/es\/"},{"@type":"ListItem","position":2,"name":"Traslados Rio de Janeiro"}]},{"@type":"WebSite","@id":"https:\/\/box2202.temp.domains\/~buenosa2\/airporttransfersrio\/es\/#website","url":"https:\/\/box2202.temp.domains\/~buenosa2\/airporttransfersrio\/es\/","name":"Traslados Aeropuerto Rio de Janeiro","description":"Servicio de trasaldos en Rio de Janeiro. Servicios privados y compartidos.","publisher":{"@id":"https:\/\/box2202.temp.domains\/~buenosa2\/airporttransfersrio\/es\/#organization"},"potentialAction":[{"@type":"SearchAction","target":{"@type":"EntryPoint","urlTemplate":"https:\/\/box2202.temp.domains\/~buenosa2\/airporttransfersrio\/es\/?s={search_term_string}"},"query-input":{"@type":"PropertyValueSpecification","valueRequired":true,"valueName":"search_term_string"}}],"inLanguage":"es"},{"@type":"Organization","@id":"https:\/\/box2202.temp.domains\/~buenosa2\/airporttransfersrio\/es\/#organization","name":"Traslados Aeropuerto Rio de Janeiro","url":"https:\/\/box2202.temp.domains\/~buenosa2\/airporttransfersrio\/es\/","logo":{"@type":"ImageObject","inLanguage":"es","@id":"https:\/\/box2202.temp.domains\/~buenosa2\/airporttransfersrio\/es\/#\/schema\/logo\/image\/","url":"https:\/\/www.airporttransfersrio.com\/es\/wp-content\/uploads\/2024\/05\/cropped-atr-home1.jpg","contentUrl":"https:\/\/www.airporttransfersrio.com\/es\/wp-content\/uploads\/2024\/05\/cropped-atr-home1.jpg","width":1058,"height":379,"caption":"Traslados Aeropuerto Rio de Janeiro"},"image":{"@id":"https:\/\/box2202.temp.domains\/~buenosa2\/airporttransfersrio\/es\/#\/schema\/logo\/image\/"}}]}},"_links":{"self":[{"href":"https:\/\/www.airporttransfersrio.com\/es\/wp-json\/wp\/v2\/pages\/74","targetHints":{"allow":["GET"]}}],"collection":[{"href":"https:\/\/www.airporttransfersrio.com\/es\/wp-json\/wp\/v2\/pages"}],"about":[{"href":"https:\/\/www.airporttransfersrio.com\/es\/wp-json\/wp\/v2\/types\/page"}],"author":[{"embeddable":true,"href":"https:\/\/www.airporttransfersrio.com\/es\/wp-json\/wp\/v2\/users\/1"}],"replies":[{"embeddable":true,"href":"https:\/\/www.airporttransfersrio.com\/es\/wp-json\/wp\/v2\/comments?post=74"}],"version-history":[{"count":3,"href":"https:\/\/www.airporttransfersrio.com\/es\/wp-json\/wp\/v2\/pages\/74\/revisions"}],"predecessor-version":[{"id":77,"href":"https:\/\/www.airporttransfersrio.com\/es\/wp-json\/wp\/v2\/pages\/74\/revisions\/77"}],"wp:attachment":[{"href":"https:\/\/www.airporttransfersrio.com\/es\/wp-json\/wp\/v2\/media?parent=74"}],"curies":[{"name":"wp","href":"https:\/\/api.w.org\/{rel}","templated":true}]}}