{"id":70,"date":"2023-10-19T11:00:32","date_gmt":"2023-10-19T11:00:32","guid":{"rendered":"https:\/\/www.airporttransfersrio.com\/es\/?page_id=70"},"modified":"2024-04-17T09:47:26","modified_gmt":"2024-04-17T09:47:26","slug":"agencias-de-turismo","status":"publish","type":"page","link":"https:\/\/www.airporttransfersrio.com\/es\/agencias-de-turismo.htm","title":{"rendered":"Rio de Janeiro DMC"},"content":{"rendered":"\n<figure class=\"wp-block-image alignfull size-large\"><img decoding=\"async\" src=\"https:\/\/www.airporttransfersrio.com\/img\/travel-agent-rio-de-janeiro.jpg\" alt=\"Rio de Janeiro DMC\"\/><\/figure>\n\n\n\n<p><\/p>\n\n\n\n<h2 class=\"wp-block-heading\"><strong><span style=\"text-decoration: underline;\">Rio de Janeiro DMC<\/span><\/strong><\/h2>\n\n\n\n<h3 class=\"wp-block-heading\">Beneficios para Agencias de Viajes<\/h3>\n\n\n\n<ul class=\"wp-block-list\">\n<li>Ofrezca servicios de calidad a sus clientes<\/li>\n\n\n\n<li>Incluya a Brasil en su porfolio de productos<\/li>\n\n\n\n<li>Acceda a precios preferenciales<\/li>\n\n\n\n<li>Servicios receptivos de excelencia<\/li>\n\n\n\n<li>Pague por anticipado los servicios de su cliente, sin cargos en destino<\/li>\n\n\n\n<li>Receptivo en Aeropuerto con el nombre\/logo de su agencia<\/li>\n\n\n\n<li>M\u00faltiples opciones internaciones de pago<\/li>\n\n\n\n<li>Obtenga una factura por todas sus compras<\/li>\n<\/ul>\n\n\n\n<h3 class=\"wp-block-heading\">Servicios Receptivos en Rio de Janeiro<\/h3>\n\n\n\n<ul class=\"wp-block-list\">\n<li><a href=\"https:\/\/www.airporttransfersrio.com\/es\/traslados-rio-de-janeiro.htm\">Traslados Privados Aeropuertos.<\/a><\/li>\n\n\n\n<li><a href=\"https:\/\/www.airporttransfersrio.com\/es\/traslados-terminal-cruceros-rio-de-janeiro.htm\">Traslados Privados en Terminal de Cruceros.<\/a><\/li>\n\n\n\n<li>Autos Sedan, VANS y MINIBUSES disponibles<\/li>\n\n\n\n<li>Alquiler de auto por hora con chofer en Ingles\/Espa\u00f1ol<\/li>\n\n\n\n<li><a href=\"https:\/\/www.airporttransfersrio.com\/es\/tours-en-rio-de-janeiro.htm\">Trasaldos Compartidos Buzios, Arraial do cabo, Angra, Cabo Frio<\/a><\/li>\n\n\n\n<li><a href=\"https:\/\/airporttransfersrio.com\/es\/tour-pan-de-azucar-cristo-redentor-rio-de-janeiro.htm\">Tours Privados<\/a><\/li>\n\n\n\n<li>Tours Compartidos<\/li>\n\n\n\n<li><a href=\"https:\/\/airporttransfersrio.com\/es\/tours-buzios-angra-dos-reis-paraty-petropolis.htm\">Viajes por el dia desde Rio de Janeiro<\/a><\/li>\n\n\n\n<li>Reserva de entradas a atracciones y shows<\/li>\n\n\n\n<li>Gu\u00edas triling\u00fces, espa\u00f1ol, portugu\u00e9s, ingles<\/li>\n\n\n\n<li>Servicios de conserjer\u00eda<\/li>\n<\/ul>\n\n\n\n<figure class=\"wp-block-image alignfull size-large\"><img loading=\"lazy\" decoding=\"async\" width=\"1024\" height=\"704\" src=\"https:\/\/www.airporttransfersrio.com\/es\/wp-content\/uploads\/2024\/04\/atr-es-1024x704.jpg\" alt=\"\" class=\"wp-image-354\" srcset=\"https:\/\/www.airporttransfersrio.com\/es\/wp-content\/uploads\/2024\/04\/atr-es-1024x704.jpg 1024w, https:\/\/www.airporttransfersrio.com\/es\/wp-content\/uploads\/2024\/04\/atr-es-300x206.jpg 300w, https:\/\/www.airporttransfersrio.com\/es\/wp-content\/uploads\/2024\/04\/atr-es-768x528.jpg 768w, https:\/\/www.airporttransfersrio.com\/es\/wp-content\/uploads\/2024\/04\/atr-es.jpg 1116w\" sizes=\"auto, (max-width: 1024px) 100vw, 1024px\" \/><\/figure>\n\n\n\n<figure class=\"wp-block-image alignfull size-large\"><a href=\"https:\/\/www.google.com\/maps\/place\/Airport+Transfers+Rio\/@-22.9028594,-43.1797912,16z\/data=!4m6!3m5!1s0x9bd556b2db40d7:0xb48218c37f5b5d4a!8m2!3d-22.903277!4d-43.178059!16s%2Fg%2F1hm2gg4jh?hl&amp;entry=ttu\" target=\"_blank\" rel=\"noreferrer noopener\"><img decoding=\"async\" src=\"https:\/\/airporttransfersrio.com\/wp-content\/uploads\/2023\/02\/airport-transfers-rio-de-janeiro.jpg\" alt=\"Rio de Janeiro DMC\"\/><\/a><\/figure>\n","protected":false},"excerpt":{"rendered":"<p>Rio de Janeiro DMC Beneficios para Agencias de Viajes Servicios Receptivos en Rio de Janeiro<\/p>\n","protected":false},"author":1,"featured_media":0,"parent":0,"menu_order":0,"comment_status":"closed","ping_status":"closed","template":"","meta":{"footnotes":""},"class_list":["post-70","page","type-page","status-publish"],"yoast_head":"<!-- This site is optimized with the Yoast SEO plugin v27.4 - https:\/\/yoast.com\/product\/yoast-seo-wordpress\/ -->\n<title>Rio de Janeiro DMC - Turismo Respetivo en Rio de Janeiro<\/title>\n<meta name=\"description\" content=\"Rio de Janeiro DMC - Turismo Respetivo en Rio de Janeiro - Traslados, Tours, Paquetes completos. Gu\u00edas profesionales.\" \/>\n<meta name=\"robots\" content=\"index, follow, max-snippet:-1, max-image-preview:large, max-video-preview:-1\" \/>\n<link rel=\"canonical\" href=\"https:\/\/www.airporttransfersrio.com\/es\/agencias-de-turismo.htm\" \/>\n<meta property=\"og:locale\" content=\"es_ES\" \/>\n<meta property=\"og:type\" content=\"article\" \/>\n<meta property=\"og:title\" content=\"Rio de Janeiro DMC - Turismo Respetivo en Rio de Janeiro\" \/>\n<meta property=\"og:description\" content=\"Rio de Janeiro DMC - Turismo Respetivo en Rio de Janeiro - Traslados, Tours, Paquetes completos. Gu\u00edas profesionales.\" \/>\n<meta property=\"og:url\" content=\"https:\/\/www.airporttransfersrio.com\/es\/agencias-de-turismo.htm\" \/>\n<meta property=\"og:site_name\" content=\"Traslados Aeropuerto Rio de Janeiro\" \/>\n<meta property=\"article:modified_time\" content=\"2024-04-17T09:47:26+00:00\" \/>\n<meta property=\"og:image\" content=\"https:\/\/www.airporttransfersrio.com\/img\/travel-agent-rio-de-janeiro.jpg\" \/>\n<meta name=\"twitter:card\" content=\"summary_large_image\" \/>\n<meta name=\"twitter:label1\" content=\"Tiempo de lectura\" \/>\n\t<meta name=\"twitter:data1\" content=\"2 minutos\" \/>\n<script type=\"application\/ld+json\" class=\"yoast-schema-graph\">{\"@context\":\"https:\\\/\\\/schema.org\",\"@graph\":[{\"@type\":\"WebPage\",\"@id\":\"https:\\\/\\\/www.airporttransfersrio.com\\\/es\\\/agencias-de-turismo.htm\",\"url\":\"https:\\\/\\\/www.airporttransfersrio.com\\\/es\\\/agencias-de-turismo.htm\",\"name\":\"Rio de Janeiro DMC - Turismo Respetivo en Rio de Janeiro\",\"isPartOf\":{\"@id\":\"https:\\\/\\\/box2202.temp.domains\\\/~buenosa2\\\/airporttransfersrio\\\/es\\\/#website\"},\"primaryImageOfPage\":{\"@id\":\"https:\\\/\\\/www.airporttransfersrio.com\\\/es\\\/agencias-de-turismo.htm#primaryimage\"},\"image\":{\"@id\":\"https:\\\/\\\/www.airporttransfersrio.com\\\/es\\\/agencias-de-turismo.htm#primaryimage\"},\"thumbnailUrl\":\"https:\\\/\\\/www.airporttransfersrio.com\\\/img\\\/travel-agent-rio-de-janeiro.jpg\",\"datePublished\":\"2023-10-19T11:00:32+00:00\",\"dateModified\":\"2024-04-17T09:47:26+00:00\",\"description\":\"Rio de Janeiro DMC - Turismo Respetivo en Rio de Janeiro - Traslados, Tours, Paquetes completos. Gu\u00edas profesionales.\",\"breadcrumb\":{\"@id\":\"https:\\\/\\\/www.airporttransfersrio.com\\\/es\\\/agencias-de-turismo.htm#breadcrumb\"},\"inLanguage\":\"es\",\"potentialAction\":[{\"@type\":\"ReadAction\",\"target\":[\"https:\\\/\\\/www.airporttransfersrio.com\\\/es\\\/agencias-de-turismo.htm\"]}]},{\"@type\":\"ImageObject\",\"inLanguage\":\"es\",\"@id\":\"https:\\\/\\\/www.airporttransfersrio.com\\\/es\\\/agencias-de-turismo.htm#primaryimage\",\"url\":\"https:\\\/\\\/www.airporttransfersrio.com\\\/img\\\/travel-agent-rio-de-janeiro.jpg\",\"contentUrl\":\"https:\\\/\\\/www.airporttransfersrio.com\\\/img\\\/travel-agent-rio-de-janeiro.jpg\"},{\"@type\":\"BreadcrumbList\",\"@id\":\"https:\\\/\\\/www.airporttransfersrio.com\\\/es\\\/agencias-de-turismo.htm#breadcrumb\",\"itemListElement\":[{\"@type\":\"ListItem\",\"position\":1,\"name\":\"Home\",\"item\":\"https:\\\/\\\/www.airporttransfersrio.com\\\/es\\\/\"},{\"@type\":\"ListItem\",\"position\":2,\"name\":\"Rio de Janeiro DMC\"}]},{\"@type\":\"WebSite\",\"@id\":\"https:\\\/\\\/box2202.temp.domains\\\/~buenosa2\\\/airporttransfersrio\\\/es\\\/#website\",\"url\":\"https:\\\/\\\/box2202.temp.domains\\\/~buenosa2\\\/airporttransfersrio\\\/es\\\/\",\"name\":\"Traslados Aeropuerto Rio de Janeiro\",\"description\":\"Servicio de trasaldos en Rio de Janeiro. Servicios privados y compartidos.\",\"publisher\":{\"@id\":\"https:\\\/\\\/box2202.temp.domains\\\/~buenosa2\\\/airporttransfersrio\\\/es\\\/#organization\"},\"potentialAction\":[{\"@type\":\"SearchAction\",\"target\":{\"@type\":\"EntryPoint\",\"urlTemplate\":\"https:\\\/\\\/box2202.temp.domains\\\/~buenosa2\\\/airporttransfersrio\\\/es\\\/?s={search_term_string}\"},\"query-input\":{\"@type\":\"PropertyValueSpecification\",\"valueRequired\":true,\"valueName\":\"search_term_string\"}}],\"inLanguage\":\"es\"},{\"@type\":\"Organization\",\"@id\":\"https:\\\/\\\/box2202.temp.domains\\\/~buenosa2\\\/airporttransfersrio\\\/es\\\/#organization\",\"name\":\"Traslados Aeropuerto Rio de Janeiro\",\"url\":\"https:\\\/\\\/box2202.temp.domains\\\/~buenosa2\\\/airporttransfersrio\\\/es\\\/\",\"logo\":{\"@type\":\"ImageObject\",\"inLanguage\":\"es\",\"@id\":\"https:\\\/\\\/box2202.temp.domains\\\/~buenosa2\\\/airporttransfersrio\\\/es\\\/#\\\/schema\\\/logo\\\/image\\\/\",\"url\":\"https:\\\/\\\/www.airporttransfersrio.com\\\/es\\\/wp-content\\\/uploads\\\/2024\\\/05\\\/cropped-atr-home1.jpg\",\"contentUrl\":\"https:\\\/\\\/www.airporttransfersrio.com\\\/es\\\/wp-content\\\/uploads\\\/2024\\\/05\\\/cropped-atr-home1.jpg\",\"width\":1058,\"height\":379,\"caption\":\"Traslados Aeropuerto Rio de Janeiro\"},\"image\":{\"@id\":\"https:\\\/\\\/box2202.temp.domains\\\/~buenosa2\\\/airporttransfersrio\\\/es\\\/#\\\/schema\\\/logo\\\/image\\\/\"}}]}<\/script>\n<!-- \/ Yoast SEO plugin. -->","yoast_head_json":{"title":"Rio de Janeiro DMC - Turismo Respetivo en Rio de Janeiro","description":"Rio de Janeiro DMC - Turismo Respetivo en Rio de Janeiro - Traslados, Tours, Paquetes completos. Gu\u00edas profesionales.","robots":{"index":"index","follow":"follow","max-snippet":"max-snippet:-1","max-image-preview":"max-image-preview:large","max-video-preview":"max-video-preview:-1"},"canonical":"https:\/\/www.airporttransfersrio.com\/es\/agencias-de-turismo.htm","og_locale":"es_ES","og_type":"article","og_title":"Rio de Janeiro DMC - Turismo Respetivo en Rio de Janeiro","og_description":"Rio de Janeiro DMC - Turismo Respetivo en Rio de Janeiro - Traslados, Tours, Paquetes completos. Gu\u00edas profesionales.","og_url":"https:\/\/www.airporttransfersrio.com\/es\/agencias-de-turismo.htm","og_site_name":"Traslados Aeropuerto Rio de Janeiro","article_modified_time":"2024-04-17T09:47:26+00:00","og_image":[{"url":"https:\/\/www.airporttransfersrio.com\/img\/travel-agent-rio-de-janeiro.jpg","type":"","width":"","height":""}],"twitter_card":"summary_large_image","twitter_misc":{"Tiempo de lectura":"2 minutos"},"schema":{"@context":"https:\/\/schema.org","@graph":[{"@type":"WebPage","@id":"https:\/\/www.airporttransfersrio.com\/es\/agencias-de-turismo.htm","url":"https:\/\/www.airporttransfersrio.com\/es\/agencias-de-turismo.htm","name":"Rio de Janeiro DMC - Turismo Respetivo en Rio de Janeiro","isPartOf":{"@id":"https:\/\/box2202.temp.domains\/~buenosa2\/airporttransfersrio\/es\/#website"},"primaryImageOfPage":{"@id":"https:\/\/www.airporttransfersrio.com\/es\/agencias-de-turismo.htm#primaryimage"},"image":{"@id":"https:\/\/www.airporttransfersrio.com\/es\/agencias-de-turismo.htm#primaryimage"},"thumbnailUrl":"https:\/\/www.airporttransfersrio.com\/img\/travel-agent-rio-de-janeiro.jpg","datePublished":"2023-10-19T11:00:32+00:00","dateModified":"2024-04-17T09:47:26+00:00","description":"Rio de Janeiro DMC - Turismo Respetivo en Rio de Janeiro - Traslados, Tours, Paquetes completos. Gu\u00edas profesionales.","breadcrumb":{"@id":"https:\/\/www.airporttransfersrio.com\/es\/agencias-de-turismo.htm#breadcrumb"},"inLanguage":"es","potentialAction":[{"@type":"ReadAction","target":["https:\/\/www.airporttransfersrio.com\/es\/agencias-de-turismo.htm"]}]},{"@type":"ImageObject","inLanguage":"es","@id":"https:\/\/www.airporttransfersrio.com\/es\/agencias-de-turismo.htm#primaryimage","url":"https:\/\/www.airporttransfersrio.com\/img\/travel-agent-rio-de-janeiro.jpg","contentUrl":"https:\/\/www.airporttransfersrio.com\/img\/travel-agent-rio-de-janeiro.jpg"},{"@type":"BreadcrumbList","@id":"https:\/\/www.airporttransfersrio.com\/es\/agencias-de-turismo.htm#breadcrumb","itemListElement":[{"@type":"ListItem","position":1,"name":"Home","item":"https:\/\/www.airporttransfersrio.com\/es\/"},{"@type":"ListItem","position":2,"name":"Rio de Janeiro DMC"}]},{"@type":"WebSite","@id":"https:\/\/box2202.temp.domains\/~buenosa2\/airporttransfersrio\/es\/#website","url":"https:\/\/box2202.temp.domains\/~buenosa2\/airporttransfersrio\/es\/","name":"Traslados Aeropuerto Rio de Janeiro","description":"Servicio de trasaldos en Rio de Janeiro. Servicios privados y compartidos.","publisher":{"@id":"https:\/\/box2202.temp.domains\/~buenosa2\/airporttransfersrio\/es\/#organization"},"potentialAction":[{"@type":"SearchAction","target":{"@type":"EntryPoint","urlTemplate":"https:\/\/box2202.temp.domains\/~buenosa2\/airporttransfersrio\/es\/?s={search_term_string}"},"query-input":{"@type":"PropertyValueSpecification","valueRequired":true,"valueName":"search_term_string"}}],"inLanguage":"es"},{"@type":"Organization","@id":"https:\/\/box2202.temp.domains\/~buenosa2\/airporttransfersrio\/es\/#organization","name":"Traslados Aeropuerto Rio de Janeiro","url":"https:\/\/box2202.temp.domains\/~buenosa2\/airporttransfersrio\/es\/","logo":{"@type":"ImageObject","inLanguage":"es","@id":"https:\/\/box2202.temp.domains\/~buenosa2\/airporttransfersrio\/es\/#\/schema\/logo\/image\/","url":"https:\/\/www.airporttransfersrio.com\/es\/wp-content\/uploads\/2024\/05\/cropped-atr-home1.jpg","contentUrl":"https:\/\/www.airporttransfersrio.com\/es\/wp-content\/uploads\/2024\/05\/cropped-atr-home1.jpg","width":1058,"height":379,"caption":"Traslados Aeropuerto Rio de Janeiro"},"image":{"@id":"https:\/\/box2202.temp.domains\/~buenosa2\/airporttransfersrio\/es\/#\/schema\/logo\/image\/"}}]}},"_links":{"self":[{"href":"https:\/\/www.airporttransfersrio.com\/es\/wp-json\/wp\/v2\/pages\/70","targetHints":{"allow":["GET"]}}],"collection":[{"href":"https:\/\/www.airporttransfersrio.com\/es\/wp-json\/wp\/v2\/pages"}],"about":[{"href":"https:\/\/www.airporttransfersrio.com\/es\/wp-json\/wp\/v2\/types\/page"}],"author":[{"embeddable":true,"href":"https:\/\/www.airporttransfersrio.com\/es\/wp-json\/wp\/v2\/users\/1"}],"replies":[{"embeddable":true,"href":"https:\/\/www.airporttransfersrio.com\/es\/wp-json\/wp\/v2\/comments?post=70"}],"version-history":[{"count":7,"href":"https:\/\/www.airporttransfersrio.com\/es\/wp-json\/wp\/v2\/pages\/70\/revisions"}],"predecessor-version":[{"id":360,"href":"https:\/\/www.airporttransfersrio.com\/es\/wp-json\/wp\/v2\/pages\/70\/revisions\/360"}],"wp:attachment":[{"href":"https:\/\/www.airporttransfersrio.com\/es\/wp-json\/wp\/v2\/media?parent=70"}],"curies":[{"name":"wp","href":"https:\/\/api.w.org\/{rel}","templated":true}]}}