{"id":65,"date":"2023-10-18T13:29:20","date_gmt":"2023-10-18T13:29:20","guid":{"rendered":"https:\/\/www.airporttransfersrio.com\/es\/?page_id=65"},"modified":"2024-10-31T02:41:41","modified_gmt":"2024-10-30T12:41:41","slug":"institucional","status":"publish","type":"page","link":"https:\/\/www.airporttransfersrio.com\/es\/institucional.htm","title":{"rendered":"Quienes somos"},"content":{"rendered":"<div class=\"wp-block-image\">\n<figure class=\"aligncenter size-large\"><img decoding=\"async\" src=\"https:\/\/airporttransfersrio.com\/wp-content\/uploads\/2022\/08\/rio-de-janeiro-airport-transportation.jpg\" alt=\"Quienes somos - Transfers Rio de Janeiro\"\/><\/figure>\n<\/div>\n\n\n<p><\/p>\n\n\n\n<h2 class=\"wp-block-heading\">Quienes Somos<\/h2>\n\n\n\n<p>AIRPORT TRANSFERS RIO es una empresa especializada en <a href=\"https:\/\/www.airporttransfersrio.com\/es\/traslados-rio-de-janeiro.htm\">Traslados desde\/hacia Aeropuertos<\/a>, <a href=\"https:\/\/www.airporttransfersrio.com\/es\/traslados-terminal-cruceros-rio-de-janeiro.htm\">Terminal de Cruceros<\/a>, <a href=\"https:\/\/www.airporttransfersrio.com\/es\/tours-en-rio-de-janeiro.htm\">City Tours<\/a> y otros servicios receptivos<strong>.\u00a0<\/strong>Estrat\u00e9gicamente ubicada en la ciudad de Rio de Janeiro, uno de los mayores centros tur\u00edsticos del pa\u00eds, ISOUTHAMERICA opera como puerta de entrada a todo Brasil.<\/p>\n\n\n\n<h2 class=\"wp-block-heading\">Misi\u00f3n<\/h2>\n\n\n\n<p>Nuestra misi\u00f3n es hacer de su viaje a Brasil una experiencia sencilla, segura y placentera. Deseamos que disfrute el 100% del tiempo lejos de su hogar. Para ello contamos una red de proveedores verificados en Rio de Janeiro quienes cuentan con amplia experiencia en satisfacer las demandas de turistas internacionales.<\/p>\n\n\n\n<h2 class=\"wp-block-heading\">Servicios est\u00e1ndar y a medida<\/h2>\n\n\n\n<p>Contamos con la flexibilidad necesaria para brindarle tanto servicios pre dise\u00f1ados como hechos a su medida. Podemos ofrecerle Tours est\u00e1ndar y simples servicios como traslados de un punto a otro de la ciudad as\u00ed como tambi\u00e9n itinerarios planeados exclusivamente en base a sus demandas. Solo h\u00e1ganos saber sus necesidades y con gusto trabajaremos para satisfacer sus requerimientos.<\/p>\n\n\n\n<figure class=\"wp-block-image alignfull size-large\"><img loading=\"lazy\" decoding=\"async\" width=\"1024\" height=\"704\" src=\"https:\/\/www.airporttransfersrio.com\/es\/wp-content\/uploads\/2024\/04\/atr-es-1024x704.jpg\" alt=\"Contacto - Traslados Aeropuerto Rio de Janeiro\" class=\"wp-image-354\" srcset=\"https:\/\/www.airporttransfersrio.com\/es\/wp-content\/uploads\/2024\/04\/atr-es-1024x704.jpg 1024w, https:\/\/www.airporttransfersrio.com\/es\/wp-content\/uploads\/2024\/04\/atr-es-300x206.jpg 300w, https:\/\/www.airporttransfersrio.com\/es\/wp-content\/uploads\/2024\/04\/atr-es-768x528.jpg 768w, https:\/\/www.airporttransfersrio.com\/es\/wp-content\/uploads\/2024\/04\/atr-es.jpg 1116w\" sizes=\"auto, (max-width: 1024px) 100vw, 1024px\" \/><\/figure>\n\n\n\n<figure class=\"wp-block-image alignfull size-large\"><a href=\"https:\/\/www.google.com\/maps\/place\/Airport+Transfers+Rio\/@-22.9028594,-43.1797912,16z\/data=!4m6!3m5!1s0x9bd556b2db40d7:0xb48218c37f5b5d4a!8m2!3d-22.903277!4d-43.178059!16s%2Fg%2F1hm2gg4jh?hl&amp;entry=ttu\" target=\"_blank\" rel=\"noreferrer noopener\"><img decoding=\"async\" src=\"https:\/\/airporttransfersrio.com\/wp-content\/uploads\/2023\/02\/airport-transfers-rio-de-janeiro.jpg\" alt=\"\"\/><\/a><\/figure>\n","protected":false},"excerpt":{"rendered":"<p>Quienes Somos AIRPORT TRANSFERS RIO es una empresa especializada en Traslados desde\/hacia Aeropuertos, Terminal de Cruceros, City Tours y otros servicios receptivos.\u00a0Estrat\u00e9gicamente ubicada en la ciudad de Rio de Janeiro, uno de los mayores centros tur\u00edsticos del pa\u00eds, ISOUTHAMERICA opera como puerta de entrada a todo Brasil. Misi\u00f3n Nuestra misi\u00f3n es hacer de su viaje &#8230; <a title=\"Quienes somos\" class=\"read-more\" href=\"https:\/\/www.airporttransfersrio.com\/es\/institucional.htm\" aria-label=\"Leer m\u00e1s sobre Quienes somos\">Leer m\u00e1s<\/a><\/p>\n","protected":false},"author":1,"featured_media":0,"parent":0,"menu_order":0,"comment_status":"closed","ping_status":"closed","template":"","meta":{"footnotes":""},"class_list":["post-65","page","type-page","status-publish"],"yoast_head":"<!-- This site is optimized with the Yoast SEO plugin v27.4 - https:\/\/yoast.com\/product\/yoast-seo-wordpress\/ -->\n<title>Quienes somos - Traslados Aeropuerto Rio de Janeiro<\/title>\n<meta name=\"description\" content=\"AIRPORT TRANSFERS es una empresa especializada en Traslados desde\/hacia Aeropuertos, Terminal de Cruceros, City Tours\" \/>\n<meta name=\"robots\" content=\"index, follow, max-snippet:-1, max-image-preview:large, max-video-preview:-1\" \/>\n<link rel=\"canonical\" href=\"https:\/\/www.airporttransfersrio.com\/es\/institucional.htm\" \/>\n<meta property=\"og:locale\" content=\"es_ES\" \/>\n<meta property=\"og:type\" content=\"article\" \/>\n<meta property=\"og:title\" content=\"Quienes somos - Traslados Aeropuerto Rio de Janeiro\" \/>\n<meta property=\"og:description\" content=\"AIRPORT TRANSFERS es una empresa especializada en Traslados desde\/hacia Aeropuertos, Terminal de Cruceros, City Tours\" \/>\n<meta property=\"og:url\" content=\"https:\/\/www.airporttransfersrio.com\/es\/institucional.htm\" \/>\n<meta property=\"og:site_name\" content=\"Traslados Aeropuerto Rio de Janeiro\" \/>\n<meta property=\"article:modified_time\" content=\"2024-10-30T12:41:41+00:00\" \/>\n<meta property=\"og:image\" content=\"https:\/\/airporttransfersrio.com\/wp-content\/uploads\/2022\/08\/rio-de-janeiro-airport-transportation.jpg\" \/>\n<meta name=\"twitter:card\" content=\"summary_large_image\" \/>\n<meta name=\"twitter:label1\" content=\"Tiempo de lectura\" \/>\n\t<meta name=\"twitter:data1\" content=\"2 minutos\" \/>\n<script type=\"application\/ld+json\" class=\"yoast-schema-graph\">{\"@context\":\"https:\\\/\\\/schema.org\",\"@graph\":[{\"@type\":\"WebPage\",\"@id\":\"https:\\\/\\\/www.airporttransfersrio.com\\\/es\\\/institucional.htm\",\"url\":\"https:\\\/\\\/www.airporttransfersrio.com\\\/es\\\/institucional.htm\",\"name\":\"Quienes somos - Traslados Aeropuerto Rio de Janeiro\",\"isPartOf\":{\"@id\":\"https:\\\/\\\/box2202.temp.domains\\\/~buenosa2\\\/airporttransfersrio\\\/es\\\/#website\"},\"primaryImageOfPage\":{\"@id\":\"https:\\\/\\\/www.airporttransfersrio.com\\\/es\\\/institucional.htm#primaryimage\"},\"image\":{\"@id\":\"https:\\\/\\\/www.airporttransfersrio.com\\\/es\\\/institucional.htm#primaryimage\"},\"thumbnailUrl\":\"https:\\\/\\\/airporttransfersrio.com\\\/wp-content\\\/uploads\\\/2022\\\/08\\\/rio-de-janeiro-airport-transportation.jpg\",\"datePublished\":\"2023-10-18T13:29:20+00:00\",\"dateModified\":\"2024-10-30T12:41:41+00:00\",\"description\":\"AIRPORT TRANSFERS es una empresa especializada en Traslados desde\\\/hacia Aeropuertos, Terminal de Cruceros, City Tours\",\"breadcrumb\":{\"@id\":\"https:\\\/\\\/www.airporttransfersrio.com\\\/es\\\/institucional.htm#breadcrumb\"},\"inLanguage\":\"es\",\"potentialAction\":[{\"@type\":\"ReadAction\",\"target\":[\"https:\\\/\\\/www.airporttransfersrio.com\\\/es\\\/institucional.htm\"]}]},{\"@type\":\"ImageObject\",\"inLanguage\":\"es\",\"@id\":\"https:\\\/\\\/www.airporttransfersrio.com\\\/es\\\/institucional.htm#primaryimage\",\"url\":\"https:\\\/\\\/airporttransfersrio.com\\\/wp-content\\\/uploads\\\/2022\\\/08\\\/rio-de-janeiro-airport-transportation.jpg\",\"contentUrl\":\"https:\\\/\\\/airporttransfersrio.com\\\/wp-content\\\/uploads\\\/2022\\\/08\\\/rio-de-janeiro-airport-transportation.jpg\"},{\"@type\":\"BreadcrumbList\",\"@id\":\"https:\\\/\\\/www.airporttransfersrio.com\\\/es\\\/institucional.htm#breadcrumb\",\"itemListElement\":[{\"@type\":\"ListItem\",\"position\":1,\"name\":\"Home\",\"item\":\"https:\\\/\\\/www.airporttransfersrio.com\\\/es\\\/\"},{\"@type\":\"ListItem\",\"position\":2,\"name\":\"Quienes somos\"}]},{\"@type\":\"WebSite\",\"@id\":\"https:\\\/\\\/box2202.temp.domains\\\/~buenosa2\\\/airporttransfersrio\\\/es\\\/#website\",\"url\":\"https:\\\/\\\/box2202.temp.domains\\\/~buenosa2\\\/airporttransfersrio\\\/es\\\/\",\"name\":\"Traslados Aeropuerto Rio de Janeiro\",\"description\":\"Servicio de trasaldos en Rio de Janeiro. Servicios privados y compartidos.\",\"publisher\":{\"@id\":\"https:\\\/\\\/box2202.temp.domains\\\/~buenosa2\\\/airporttransfersrio\\\/es\\\/#organization\"},\"potentialAction\":[{\"@type\":\"SearchAction\",\"target\":{\"@type\":\"EntryPoint\",\"urlTemplate\":\"https:\\\/\\\/box2202.temp.domains\\\/~buenosa2\\\/airporttransfersrio\\\/es\\\/?s={search_term_string}\"},\"query-input\":{\"@type\":\"PropertyValueSpecification\",\"valueRequired\":true,\"valueName\":\"search_term_string\"}}],\"inLanguage\":\"es\"},{\"@type\":\"Organization\",\"@id\":\"https:\\\/\\\/box2202.temp.domains\\\/~buenosa2\\\/airporttransfersrio\\\/es\\\/#organization\",\"name\":\"Traslados Aeropuerto Rio de Janeiro\",\"url\":\"https:\\\/\\\/box2202.temp.domains\\\/~buenosa2\\\/airporttransfersrio\\\/es\\\/\",\"logo\":{\"@type\":\"ImageObject\",\"inLanguage\":\"es\",\"@id\":\"https:\\\/\\\/box2202.temp.domains\\\/~buenosa2\\\/airporttransfersrio\\\/es\\\/#\\\/schema\\\/logo\\\/image\\\/\",\"url\":\"https:\\\/\\\/www.airporttransfersrio.com\\\/es\\\/wp-content\\\/uploads\\\/2024\\\/05\\\/cropped-atr-home1.jpg\",\"contentUrl\":\"https:\\\/\\\/www.airporttransfersrio.com\\\/es\\\/wp-content\\\/uploads\\\/2024\\\/05\\\/cropped-atr-home1.jpg\",\"width\":1058,\"height\":379,\"caption\":\"Traslados Aeropuerto Rio de Janeiro\"},\"image\":{\"@id\":\"https:\\\/\\\/box2202.temp.domains\\\/~buenosa2\\\/airporttransfersrio\\\/es\\\/#\\\/schema\\\/logo\\\/image\\\/\"}}]}<\/script>\n<!-- \/ Yoast SEO plugin. -->","yoast_head_json":{"title":"Quienes somos - Traslados Aeropuerto Rio de Janeiro","description":"AIRPORT TRANSFERS es una empresa especializada en Traslados desde\/hacia Aeropuertos, Terminal de Cruceros, City Tours","robots":{"index":"index","follow":"follow","max-snippet":"max-snippet:-1","max-image-preview":"max-image-preview:large","max-video-preview":"max-video-preview:-1"},"canonical":"https:\/\/www.airporttransfersrio.com\/es\/institucional.htm","og_locale":"es_ES","og_type":"article","og_title":"Quienes somos - Traslados Aeropuerto Rio de Janeiro","og_description":"AIRPORT TRANSFERS es una empresa especializada en Traslados desde\/hacia Aeropuertos, Terminal de Cruceros, City Tours","og_url":"https:\/\/www.airporttransfersrio.com\/es\/institucional.htm","og_site_name":"Traslados Aeropuerto Rio de Janeiro","article_modified_time":"2024-10-30T12:41:41+00:00","og_image":[{"url":"https:\/\/airporttransfersrio.com\/wp-content\/uploads\/2022\/08\/rio-de-janeiro-airport-transportation.jpg","type":"","width":"","height":""}],"twitter_card":"summary_large_image","twitter_misc":{"Tiempo de lectura":"2 minutos"},"schema":{"@context":"https:\/\/schema.org","@graph":[{"@type":"WebPage","@id":"https:\/\/www.airporttransfersrio.com\/es\/institucional.htm","url":"https:\/\/www.airporttransfersrio.com\/es\/institucional.htm","name":"Quienes somos - Traslados Aeropuerto Rio de Janeiro","isPartOf":{"@id":"https:\/\/box2202.temp.domains\/~buenosa2\/airporttransfersrio\/es\/#website"},"primaryImageOfPage":{"@id":"https:\/\/www.airporttransfersrio.com\/es\/institucional.htm#primaryimage"},"image":{"@id":"https:\/\/www.airporttransfersrio.com\/es\/institucional.htm#primaryimage"},"thumbnailUrl":"https:\/\/airporttransfersrio.com\/wp-content\/uploads\/2022\/08\/rio-de-janeiro-airport-transportation.jpg","datePublished":"2023-10-18T13:29:20+00:00","dateModified":"2024-10-30T12:41:41+00:00","description":"AIRPORT TRANSFERS es una empresa especializada en Traslados desde\/hacia Aeropuertos, Terminal de Cruceros, City Tours","breadcrumb":{"@id":"https:\/\/www.airporttransfersrio.com\/es\/institucional.htm#breadcrumb"},"inLanguage":"es","potentialAction":[{"@type":"ReadAction","target":["https:\/\/www.airporttransfersrio.com\/es\/institucional.htm"]}]},{"@type":"ImageObject","inLanguage":"es","@id":"https:\/\/www.airporttransfersrio.com\/es\/institucional.htm#primaryimage","url":"https:\/\/airporttransfersrio.com\/wp-content\/uploads\/2022\/08\/rio-de-janeiro-airport-transportation.jpg","contentUrl":"https:\/\/airporttransfersrio.com\/wp-content\/uploads\/2022\/08\/rio-de-janeiro-airport-transportation.jpg"},{"@type":"BreadcrumbList","@id":"https:\/\/www.airporttransfersrio.com\/es\/institucional.htm#breadcrumb","itemListElement":[{"@type":"ListItem","position":1,"name":"Home","item":"https:\/\/www.airporttransfersrio.com\/es\/"},{"@type":"ListItem","position":2,"name":"Quienes somos"}]},{"@type":"WebSite","@id":"https:\/\/box2202.temp.domains\/~buenosa2\/airporttransfersrio\/es\/#website","url":"https:\/\/box2202.temp.domains\/~buenosa2\/airporttransfersrio\/es\/","name":"Traslados Aeropuerto Rio de Janeiro","description":"Servicio de trasaldos en Rio de Janeiro. Servicios privados y compartidos.","publisher":{"@id":"https:\/\/box2202.temp.domains\/~buenosa2\/airporttransfersrio\/es\/#organization"},"potentialAction":[{"@type":"SearchAction","target":{"@type":"EntryPoint","urlTemplate":"https:\/\/box2202.temp.domains\/~buenosa2\/airporttransfersrio\/es\/?s={search_term_string}"},"query-input":{"@type":"PropertyValueSpecification","valueRequired":true,"valueName":"search_term_string"}}],"inLanguage":"es"},{"@type":"Organization","@id":"https:\/\/box2202.temp.domains\/~buenosa2\/airporttransfersrio\/es\/#organization","name":"Traslados Aeropuerto Rio de Janeiro","url":"https:\/\/box2202.temp.domains\/~buenosa2\/airporttransfersrio\/es\/","logo":{"@type":"ImageObject","inLanguage":"es","@id":"https:\/\/box2202.temp.domains\/~buenosa2\/airporttransfersrio\/es\/#\/schema\/logo\/image\/","url":"https:\/\/www.airporttransfersrio.com\/es\/wp-content\/uploads\/2024\/05\/cropped-atr-home1.jpg","contentUrl":"https:\/\/www.airporttransfersrio.com\/es\/wp-content\/uploads\/2024\/05\/cropped-atr-home1.jpg","width":1058,"height":379,"caption":"Traslados Aeropuerto Rio de Janeiro"},"image":{"@id":"https:\/\/box2202.temp.domains\/~buenosa2\/airporttransfersrio\/es\/#\/schema\/logo\/image\/"}}]}},"_links":{"self":[{"href":"https:\/\/www.airporttransfersrio.com\/es\/wp-json\/wp\/v2\/pages\/65","targetHints":{"allow":["GET"]}}],"collection":[{"href":"https:\/\/www.airporttransfersrio.com\/es\/wp-json\/wp\/v2\/pages"}],"about":[{"href":"https:\/\/www.airporttransfersrio.com\/es\/wp-json\/wp\/v2\/types\/page"}],"author":[{"embeddable":true,"href":"https:\/\/www.airporttransfersrio.com\/es\/wp-json\/wp\/v2\/users\/1"}],"replies":[{"embeddable":true,"href":"https:\/\/www.airporttransfersrio.com\/es\/wp-json\/wp\/v2\/comments?post=65"}],"version-history":[{"count":4,"href":"https:\/\/www.airporttransfersrio.com\/es\/wp-json\/wp\/v2\/pages\/65\/revisions"}],"predecessor-version":[{"id":1211,"href":"https:\/\/www.airporttransfersrio.com\/es\/wp-json\/wp\/v2\/pages\/65\/revisions\/1211"}],"wp:attachment":[{"href":"https:\/\/www.airporttransfersrio.com\/es\/wp-json\/wp\/v2\/media?parent=65"}],"curies":[{"name":"wp","href":"https:\/\/api.w.org\/{rel}","templated":true}]}}